{"id":1068,"date":"2024-01-05T10:46:17","date_gmt":"2024-01-05T08:46:17","guid":{"rendered":"http:\/\/134.122.69.219\/?post_type=product&#038;p=1068"},"modified":"2026-04-20T11:48:38","modified_gmt":"2026-04-20T09:48:38","slug":"kugoo-kukirin-g4","status":"publish","type":"product","link":"https:\/\/roll-market.com\/de\/product\/kugoo-kukirin-g4\/","title":{"rendered":"KUKIRIN G4 2000W 20AH 70KM\/H 2026"},"content":{"rendered":"<p>Der Kugoo KuKirin G4 verf\u00fcgt \u00fcber einen Hinterradantrieb und eine Teleskopaufh\u00e4ngung, die auch in schwierigem Gel\u00e4nde hervorragende Leistungen erbringen. Er f\u00e4hrt problemlos B\u00f6schungen hoch und runter, \u00fcber Stromleitungen und andere Hindernisse. Das Frontlicht sorgt f\u00fcr eine effiziente Beleuchtung, w\u00e4hrend die zus\u00e4tzlichen Lichter den Scooter bei Nacht gut sichtbar machen.<\/p>","protected":false},"excerpt":{"rendered":"<p>Der Kugoo KIRIN G4 ist eine ausgezeichnete Wahl f\u00fcr den Transport in der Stadt und auf dem Land. Er ist schnell, leistungsstark, dynamisch und langlebig. Der Roller ist in der oberen Mittelklasse in der Gr\u00f6\u00dfe.<\/p>","protected":false},"featured_media":7561,"comment_status":"open","ping_status":"closed","template":"","meta":{"_acf_changed":false},"product_brand":[],"product_cat":[15,18,21],"product_tag":[],"class_list":{"0":"post-1068","1":"product","2":"type-product","3":"status-publish","4":"has-post-thumbnail","6":"product_cat-rollerek","7":"product_cat-kugoo","8":"product_cat-performance-rollerek","10":"first","11":"outofstock","12":"sale","13":"shipping-taxable","14":"purchasable","15":"product-type-simple"},"acf":[],"_links":{"self":[{"href":"https:\/\/roll-market.com\/de\/wp-json\/wp\/v2\/product\/1068","targetHints":{"allow":["GET"]}}],"collection":[{"href":"https:\/\/roll-market.com\/de\/wp-json\/wp\/v2\/product"}],"about":[{"href":"https:\/\/roll-market.com\/de\/wp-json\/wp\/v2\/types\/product"}],"replies":[{"embeddable":true,"href":"https:\/\/roll-market.com\/de\/wp-json\/wp\/v2\/comments?post=1068"}],"wp:featuredmedia":[{"embeddable":true,"href":"https:\/\/roll-market.com\/de\/wp-json\/wp\/v2\/media\/7561"}],"wp:attachment":[{"href":"https:\/\/roll-market.com\/de\/wp-json\/wp\/v2\/media?parent=1068"}],"wp:term":[{"taxonomy":"product_brand","embeddable":true,"href":"https:\/\/roll-market.com\/de\/wp-json\/wp\/v2\/product_brand?post=1068"},{"taxonomy":"product_cat","embeddable":true,"href":"https:\/\/roll-market.com\/de\/wp-json\/wp\/v2\/product_cat?post=1068"},{"taxonomy":"product_tag","embeddable":true,"href":"https:\/\/roll-market.com\/de\/wp-json\/wp\/v2\/product_tag?post=1068"}],"curies":[{"name":"wp","href":"https:\/\/api.w.org\/{rel}","templated":true}]}}