{"id":1061,"date":"2024-01-05T10:33:54","date_gmt":"2024-01-05T08:33:54","guid":{"rendered":"http:\/\/134.122.69.219\/?post_type=product&#038;p=1061"},"modified":"2026-04-21T07:50:10","modified_gmt":"2026-04-21T05:50:10","slug":"kugoo-kukirin-g2-meister","status":"publish","type":"product","link":"https:\/\/roll-market.com\/de\/product\/kugoo-kukirin-g2-meister\/","title":{"rendered":"KuKirin G2 Master dual 2x1000W 20.8AH 2026"},"content":{"rendered":"<p>Der KUGOO KuKirin G2 Master Scooter verf\u00fcgt \u00fcber einen leistungsstarken Doppelantrieb und eine Teleskopfederung, so dass er jedes Terrain problemlos bew\u00e4ltigen kann. Das Frontlicht sorgt f\u00fcr eine hervorragende Ausleuchtung, w\u00e4hrend die zus\u00e4tzlichen Lichter den Scooter bei Nacht gut sichtbar machen. Der KUKIRIN G2 MASTER ist die ideale Wahl f\u00fcr diejenigen, die einen Elektroroller suchen, der jede Herausforderung mit Leichtigkeit meistert.<\/p>","protected":false},"excerpt":{"rendered":"<p>Sie fragen sich, welchen Elektroroller Sie w\u00e4hlen sollen, der leistungsstark, schnell und dynamisch ist? Suchen Sie einen Roller, der problemlos mit unwegsamem Gel\u00e4nde und Stra\u00dfen voller Hindernisse zurechtkommt? Dann k\u00f6nnte der KUKIRIN G2 MASTER die ideale Wahl f\u00fcr Sie sein!<\/p>","protected":false},"featured_media":5776,"comment_status":"open","ping_status":"closed","template":"","meta":{"_acf_changed":false},"product_brand":[],"product_cat":[15,18,21],"product_tag":[],"class_list":{"0":"post-1061","1":"product","2":"type-product","3":"status-publish","4":"has-post-thumbnail","6":"product_cat-rollerek","7":"product_cat-kugoo","8":"product_cat-performance-rollerek","10":"first","11":"instock","12":"sale","13":"shipping-taxable","14":"purchasable","15":"product-type-simple"},"acf":[],"_links":{"self":[{"href":"https:\/\/roll-market.com\/de\/wp-json\/wp\/v2\/product\/1061","targetHints":{"allow":["GET"]}}],"collection":[{"href":"https:\/\/roll-market.com\/de\/wp-json\/wp\/v2\/product"}],"about":[{"href":"https:\/\/roll-market.com\/de\/wp-json\/wp\/v2\/types\/product"}],"replies":[{"embeddable":true,"href":"https:\/\/roll-market.com\/de\/wp-json\/wp\/v2\/comments?post=1061"}],"wp:featuredmedia":[{"embeddable":true,"href":"https:\/\/roll-market.com\/de\/wp-json\/wp\/v2\/media\/5776"}],"wp:attachment":[{"href":"https:\/\/roll-market.com\/de\/wp-json\/wp\/v2\/media?parent=1061"}],"wp:term":[{"taxonomy":"product_brand","embeddable":true,"href":"https:\/\/roll-market.com\/de\/wp-json\/wp\/v2\/product_brand?post=1061"},{"taxonomy":"product_cat","embeddable":true,"href":"https:\/\/roll-market.com\/de\/wp-json\/wp\/v2\/product_cat?post=1061"},{"taxonomy":"product_tag","embeddable":true,"href":"https:\/\/roll-market.com\/de\/wp-json\/wp\/v2\/product_tag?post=1061"}],"curies":[{"name":"wp","href":"https:\/\/api.w.org\/{rel}","templated":true}]}}