{"id":593,"date":"2023-11-04T11:07:04","date_gmt":"2023-11-04T11:07:04","guid":{"rendered":"http:\/\/134.122.69.219\/?page_id=593"},"modified":"2023-11-04T11:21:46","modified_gmt":"2023-11-04T11:21:46","slug":"cookie-policy","status":"publish","type":"page","link":"https:\/\/roll-market.com\/de\/cookie-policy\/","title":{"rendered":"Cookie-Erkl\u00e4rung"},"content":{"rendered":"<div data-elementor-type=\"wp-page\" data-elementor-id=\"593\" class=\"elementor elementor-593\" data-elementor-post-type=\"page\">\n\t\t\t\t\t\t<section class=\"elementor-section elementor-top-section elementor-element elementor-element-e72e08f elementor-section-stretched elementor-section-content-middle elementor-section-boxed elementor-section-height-default elementor-section-height-default\" data-id=\"e72e08f\" data-element_type=\"section\" data-settings=\"{&quot;stretch_section&quot;:&quot;section-stretched&quot;,&quot;jet_parallax_layout_list&quot;:[{&quot;jet_parallax_layout_image&quot;:{&quot;url&quot;:&quot;&quot;,&quot;id&quot;:&quot;&quot;,&quot;size&quot;:&quot;&quot;},&quot;_id&quot;:&quot;9d879cb&quot;,&quot;jet_parallax_layout_speed&quot;:{&quot;unit&quot;:&quot;%&quot;,&quot;size&quot;:50,&quot;sizes&quot;:[]},&quot;jet_parallax_layout_image_tablet&quot;:{&quot;url&quot;:&quot;&quot;,&quot;id&quot;:&quot;&quot;,&quot;size&quot;:&quot;&quot;},&quot;jet_parallax_layout_image_mobile&quot;:{&quot;url&quot;:&quot;&quot;,&quot;id&quot;:&quot;&quot;,&quot;size&quot;:&quot;&quot;},&quot;jet_parallax_layout_type&quot;:&quot;scroll&quot;,&quot;jet_parallax_layout_direction&quot;:&quot;1&quot;,&quot;jet_parallax_layout_fx_direction&quot;:null,&quot;jet_parallax_layout_z_index&quot;:&quot;&quot;,&quot;jet_parallax_layout_bg_x&quot;:50,&quot;jet_parallax_layout_bg_x_tablet&quot;:&quot;&quot;,&quot;jet_parallax_layout_bg_x_mobile&quot;:&quot;&quot;,&quot;jet_parallax_layout_bg_y&quot;:50,&quot;jet_parallax_layout_bg_y_tablet&quot;:&quot;&quot;,&quot;jet_parallax_layout_bg_y_mobile&quot;:&quot;&quot;,&quot;jet_parallax_layout_bg_size&quot;:&quot;auto&quot;,&quot;jet_parallax_layout_bg_size_tablet&quot;:&quot;&quot;,&quot;jet_parallax_layout_bg_size_mobile&quot;:&quot;&quot;,&quot;jet_parallax_layout_animation_prop&quot;:&quot;transform&quot;,&quot;jet_parallax_layout_on&quot;:[&quot;desktop&quot;,&quot;tablet&quot;]}],&quot;background_background&quot;:&quot;classic&quot;}\">\n\t\t\t\t\t\t<div class=\"elementor-container elementor-column-gap-default\">\n\t\t\t\t\t<div class=\"elementor-column elementor-col-100 elementor-top-column elementor-element elementor-element-cd72b9d\" data-id=\"cd72b9d\" data-element_type=\"column\">\n\t\t\t<div class=\"elementor-widget-wrap elementor-element-populated\">\n\t\t\t\t\t\t<div class=\"elementor-element elementor-element-4b9d87e elementor-widget elementor-widget-heading\" data-id=\"4b9d87e\" data-element_type=\"widget\" data-widget_type=\"heading.default\">\n\t\t\t\t<div class=\"elementor-widget-container\">\n\t\t\t\t\t<h1 class=\"elementor-heading-title elementor-size-default\">Cookie-Erkl\u00e4rung<\/h1>\t\t\t\t<\/div>\n\t\t\t\t<\/div>\n\t\t\t\t\t<\/div>\n\t\t<\/div>\n\t\t\t\t\t<\/div>\n\t\t<\/section>\n\t\t\t\t<section class=\"elementor-section elementor-top-section elementor-element elementor-element-6c59839 elementor-section-boxed elementor-section-height-default elementor-section-height-default\" data-id=\"6c59839\" data-element_type=\"section\" data-settings=\"{&quot;jet_parallax_layout_list&quot;:[]}\">\n\t\t\t\t\t\t<div class=\"elementor-container elementor-column-gap-default\">\n\t\t\t\t\t<div class=\"elementor-column elementor-col-100 elementor-top-column elementor-element elementor-element-0f22534\" data-id=\"0f22534\" data-element_type=\"column\">\n\t\t\t<div class=\"elementor-widget-wrap elementor-element-populated\">\n\t\t\t\t\t\t<div class=\"elementor-element elementor-element-f5e3c47 elementor-widget elementor-widget-text-editor\" data-id=\"f5e3c47\" data-element_type=\"widget\" data-widget_type=\"text-editor.default\">\n\t\t\t\t<div class=\"elementor-widget-container\">\n\t\t\t\t\t\t\t\t\t<h4><strong>COOKIES, DIE UNBEDINGT ERFORDERLICH SIND:<\/strong><\/h4><p>Die notwendigen Cookies sind f\u00fcr das Funktionieren des Systems unbedingt erforderlich, ohne sie kann die Website nicht richtig genutzt werden, und die Verwendung von Cookies ist notwendig, um die berechtigten Interessen von Mr-rent durchzusetzen. Diese Cookies k\u00f6nnen ohne die Zustimmung des Benutzers verwendet werden und k\u00f6nnen nicht ausgeschaltet werden.<\/p><p>Rechtsgrundlage: Artikel 6 Absatz 1 Buchstabe b der Datenschutz-Grundverordnung.<\/p><h4><strong>FUNKTIONS- UND LEISTUNGS-COOKIES<\/strong><\/h4><p>Funktionalit\u00e4ts- und Leistungs-Cookies sind f\u00fcr die Nutzung der Website nicht unbedingt erforderlich, aber sie erm\u00f6glichen es uns, Ihnen ein besseres Nutzererlebnis zu bieten. Diese Cookies bieten in der Regel Einstellungen und Komfortfunktionen, die Ihnen helfen, die Website zu personalisieren (z. B. die von Ihnen gew\u00e4hlte Sprache oder die Art der von Ihnen besuchten Seite). Funktions-Cookies werden nur mit Ihrer Zustimmung verwendet, und Sie k\u00f6nnen Ihre Zustimmung jederzeit widerrufen, indem Sie die Funktions-Cookies im Datenschutzzentrum deaktivieren. Diese Cookies speichern keine personenbezogenen Daten.<\/p><p>Rechtsgrundlage: Artikel 6 Absatz 1 Buchstabe f der Datenschutz-Grundverordnung.<\/p><p>\u00a0<\/p><div class=\"table-responsive\"><table class=\"table table-bordered table-striped\"><tbody><tr><td><p><b>Cookie-Name<\/b><\/p><\/td><td><p><b>Cookie-Typ<\/b><\/p><\/td><td><p><b>Cookie-Kennung<\/b><\/p><\/td><td><p><b>Cookie-Anbieter<\/b><\/p><\/td><td><p><b>Von dem Cookie verarbeitete Daten<\/b><\/p><\/td><td><p><b>Zweck des Cookies<\/b><\/p><\/td><td><p><b>Lebensdauer von Cookies<\/b><\/p><\/td><\/tr><tr><td><p>WP-Funktion<\/p><\/td><td><p>Wesentliche Cookies<\/p><\/td><td><p>wp-einstellungen-{X}<\/p><\/td><td><p>WordPress<\/p><\/td><td><p>Erforderlich f\u00fcr die Nutzung der Funktionen.<\/p><\/td><td><p>Korrekte Bedienung.<\/p><\/td><td><p>1 Jahr<\/p><\/td><\/tr><tr><td><p>WP-Funktion<\/p><\/td><td><p>Wesentliche Cookies<\/p><\/td><td><p>wp-einstellungs-zeit-{X}<\/p><\/td><td><p>WordPress<\/p><\/td><td><p>Erforderlich f\u00fcr die Nutzung der Funktionen.<\/p><\/td><td><p>Korrekte Bedienung.<\/p><\/td><td><p>1 Jahr<\/p><\/td><\/tr><tr><td><p>WP-Funktion<\/p><\/td><td><p>Wesentliche Cookies<\/p><\/td><td><p>wordpress_test_cookie<\/p><\/td><td><p>WordPress<\/p><\/td><td><p>Erforderlich f\u00fcr die Nutzung der Funktionen.<\/p><\/td><td><p>Korrekte Bedienung.<\/p><\/td><td><p>1 Jahr<\/p><\/td><\/tr><tr><td><p>WP GDPR<\/p><\/td><td><p>Wesentliche Cookies<\/p><\/td><td><p>gdpr[allowed_cookies]<\/p><\/td><td><p>WordPress<\/p><\/td><td><p>Die Tatsache der Akzeptanz.<\/p><\/td><td><p>Speichert die Cookies, die der Benutzer zugelassen hat.<\/p><\/td><td><p>1 Jahr<\/p><\/td><\/tr><tr><td><p>WP GDPR<\/p><\/td><td><p>Wesentliche Cookies<\/p><\/td><td><p>gdpr[consent_types]<\/p><\/td><td><p>WordPress<\/p><\/td><td><p>Die Tatsache der Akzeptanz.<\/p><\/td><td><p>Dieses Cookie speichert, welche Informationen vom Benutzer akzeptiert wurden.<\/p><\/td><td><p>1 Jahr<\/p><\/td><\/tr><tr><td><p>WP GDPR<\/p><\/td><td><p>Wesentliche Cookies<\/p><\/td><td><p>gdpr[privacy_bar]<\/p><\/td><td><p>WordPress<\/p><\/td><td><p>Die Tatsache der Akzeptanz.<\/p><\/td><td><p>\u00dcbereinstimmung mit der Annahme von Cookies.<\/p><\/td><td><p>1 Jahr<\/p><\/td><\/tr><tr><td><p>WPML<\/p><\/td><td><p>Wesentliche Cookies<\/p><\/td><td><p>_icl_current_language<\/p><\/td><td><p>WordPress<\/p><\/td><td><p>Spracheinstellungen<\/p><\/td><td><p>Korrekte Bedienung.<\/p><\/td><td><p>1 Tag<\/p><\/td><\/tr><tr><td><p>WPML<\/p><\/td><td><p>Wesentliche Cookies<\/p><\/td><td><p>wpml_referer_url<\/p><\/td><td><p>WordPress<\/p><\/td><td><p>Zuvor betrachtete Seitenurl<\/p><\/td><td><p>Korrekte Bedienung.<\/p><\/td><td><p>1 Tag<\/p><\/td><\/tr><tr><td><p>Google Analytics<\/p><\/td><td><p>Funktions- und Leistungs-Cookies<\/p><\/td><td><p>_ga<\/p><\/td><td><p>Google<\/p><\/td><td><p>URL, Seitentitel, Browsername, Gr\u00f6\u00dfe des Browserfensters, Bildschirmgr\u00f6\u00dfe, Java, Flash-Version, Standort, Sprache<\/p><\/td><td><p>Anonyme Statistik<\/p><\/td><td><p>2 Jahre<\/p><\/td><\/tr><tr><td><p>Google Analytics<\/p><\/td><td><p>Funktions- und Leistungs-Cookies<\/p><\/td><td><p>_gat<\/p><\/td><td><p>Google<\/p><\/td><td><p>URL, Seitentitel, Browsername, Gr\u00f6\u00dfe des Browserfensters, Bildschirmgr\u00f6\u00dfe, Java, Flash-Version, Standort, Sprache<\/p><\/td><td><p>Anonyme Statistik<\/p><\/td><td><p>Browser wird beim Schlie\u00dfen gel\u00f6scht<\/p><\/td><\/tr><tr><td><p>Google Analytics<\/p><\/td><td><p>Funktions- und Leistungs-Cookies<\/p><\/td><td><p>_gid<\/p><\/td><td><p>Google<\/p><\/td><td><p>URL, Seitentitel, Browsername, Gr\u00f6\u00dfe des Browserfensters, Bildschirmgr\u00f6\u00dfe, Java, Flash-Version, Standort, Sprache<\/p><\/td><td><p>Anonyme Statistik<\/p><\/td><td><p>1 Tag<\/p><\/td><\/tr><\/tbody><\/table><\/div><div class=\"table-responsive\"><table class=\"table table-bordered table-striped\"><tbody><tr><td>Facebook<\/td><td>Funktions- und Leistungs-Cookies<\/td><td>fr<\/td><td>Facebook<\/td><td>Benutzer-ID, Browser-ID, Zeitstempel, andere Daten, wie in der Datenschutzerkl\u00e4rung von facebook.com dargelegt<\/td><td>Es ist das prim\u00e4re Werbe-Cookie von Facebook und kann zur Anzeige, Messung und Verbesserung der Relevanz von Anzeigen verwendet werden.<\/td><td>3 Monate<\/td><\/tr><tr><td>Facebook<\/td><td>Funktions- und Leistungs-Cookies<\/td><td>_fbp<\/td><td>Facebook<\/td><td>Facebook verwendet sie, um einem Dritten Werbeprodukte zur Verf\u00fcgung zu stellen (z. B. Echtzeitwerbung)<\/td><td>Facebooks Werbe-Cookie, das zur Anzeige, Messung und Verbesserung der Relevanz von Anzeigen verwendet wird.<\/td><td>3 Monate<\/td><\/tr><tr><td>Facebook<\/td><td>Funktions- und Leistungs-Cookies<\/td><td>handeln<\/td><td>Facebook<\/td><td>Zeitstempel<\/td><td>Unterscheidet zwischen zwei Sitzungen, die f\u00fcr denselben Benutzer zu unterschiedlichen Zeiten erstellt wurden. Die Lebensdauer des Cookies h\u00e4ngt von der Option \"Angemeldet bleiben\" ab. Wenn diese Option aktiviert ist, wird das Cookie beim Schlie\u00dfen des Browsers gel\u00f6scht.<\/td><td>90 Tage \/ Browser wird beim Schlie\u00dfen gel\u00f6scht<\/td><\/tr><tr><td>Facebook<\/td><td>Funktions- und Leistungs-Cookies<\/td><td>c_Benutzer<\/td><td>Facebook<\/td><td>Enth\u00e4lt die Benutzer-ID des aktuell angemeldeten Benutzers<\/td><td>Korrekter Betrieb. Die Lebensdauer des Cookies h\u00e4ngt von der Option \"Eingeloggt bleiben\" ab. Wenn diese Option aktiviert ist, wird das Cookie gel\u00f6scht, wenn der Browser geschlossen wird.<\/td><td>90 Tage \/ Browser wird beim Schlie\u00dfen gel\u00f6scht<\/td><\/tr><tr><td>Facebook<\/td><td>Funktions- und Leistungs-Cookies<\/td><td>datr<\/td><td>Facebook<\/td><td>Zufallsidentifikator<\/td><td>Sein Zweck ist es, den Browser zu identifizieren, der f\u00fcr die Verbindung mit Facebook verwendet wird, unabh\u00e4ngig davon, welcher Nutzer angemeldet ist. Dieses Cookie spielt eine wichtige Rolle f\u00fcr die Sicherheits- und Integrit\u00e4tsfunktionen von Facebook.<\/td><td>2 Jahre<\/td><\/tr><tr><td>Facebook<\/td><td>Funktions- und Leistungs-Cookies<\/td><td>Standort<\/td><td>Facebook<\/td><td>Der Ort, an dem sich der letzte Benutzer beim Browser angemeldet hat.<\/td><td>Der Ort, an dem sich der letzte Benutzer beim Browser angemeldet hat.<\/td><td>1 Woche<\/td><\/tr><tr><td>Facebook<\/td><td>Funktions- und Leistungs-Cookies<\/td><td>Pr\u00e4senz<\/td><td>Facebook<\/td><td>Zufallsidentifikator<\/td><td>Dient zur Speicherung des Chat-Status des Benutzers. Zum Beispiel, ob der Chat ge\u00f6ffnet ist. Dieses Cookie ist ein Sitzungscookie.<\/td><td>Browser wird beim Schlie\u00dfen gel\u00f6scht<\/td><\/tr><tr><td>Facebook<\/td><td>Funktions- und Leistungs-Cookies<\/td><td>sb<\/td><td>Facebook<\/td><td>Erforderlich f\u00fcr die Nutzung der Chat-Funktionen.<\/td><td>Erforderlich f\u00fcr die Nutzung der Chat-Funktionen.<\/td><td>2 Jahre<\/td><\/tr><tr><td>Facebook<\/td><td>Funktions- und Leistungs-Cookies<\/td><td>Spin<\/td><td>Facebook<\/td><td>Erforderlich f\u00fcr die Nutzung der Chat-Funktionen.<\/td><td>Erforderlich f\u00fcr die Nutzung der Chat-Funktionen.<\/td><td>1 Tag<\/td><\/tr><tr><td>Facebook<\/td><td>Funktions- und Leistungs-Cookies<\/td><td>wd<\/td><td>Facebook<\/td><td>Browser-Fenstergr\u00f6\u00dfen speichern<\/td><td>Facebook verwendet es zur Optimierung des Seitenlayouts.<\/td><td>1 Woche<\/td><\/tr><tr><td>Facebook<\/td><td>Funktions- und Leistungs-Cookies<\/td><td>xs<\/td><td>Facebook<\/td><td>Sitzungsnummer, Sitzungsverschl\u00fcsselung, Kennzeichen \"sicher\", wenn der Nutzer die Option \"sicheres Surfen\" aktiviert hat.<\/td><td>Ez a s\u00fcti t\u00f6bb inform\u00e1ci\u00f3t tartalmaz, kett\u0151spont elv\u00e1lasztva (a kett\u0151spont az \u00e1tvitelhez a \u201c%3A\u201d \u00e9rt\u00e9kre van k\u00f3dolva).<\/td><td>1 Jahr<\/td><\/tr><\/tbody><\/table><\/div><p><strong><br \/>GOOGLE-ANALYSEN<\/strong><\/p><p>Die Website benutzt Google Analytics, einen Webanalysedienst der Google Inc. (\"Google\"). Google Analytics verwendet eine spezielle Form von Cookies, die auf Ihrem Computer gespeichert werden, um Ihre Nutzung der Website zu analysieren. Die durch den Cookie erzeugten Informationen \u00fcber Ihre Nutzung der Website werden in der Regel an einen Server von Google in den Vereinigten Staaten \u00fcbertragen und dort gespeichert.<\/p><p>Sie k\u00f6nnen die Speicherung von Cookies durch entsprechende Einstellungen in Ihrer Browser-Software verhindern. Sie k\u00f6nnen dar\u00fcber hinaus die Erfassung der durch das Cookie erzeugten und auf Ihre Nutzung der Website bezogenen Daten (inkl. Ihrer IP-Adresse) an Google sowie die Verarbeitung dieser Daten durch Google verhindern, indem sie das unter https:\/\/tools.google.com\/dlpage\/gaoptout?hl=en verf\u00fcgbare Browser-Plugin herunterladen und installieren.<\/p><p>Die Website verwendet au\u00dferdem Google Analytics, um die Besucherstr\u00f6me \u00fcber die Benutzerkennung ger\u00e4teunabh\u00e4ngig zu analysieren. Sie k\u00f6nnen die Verfolgung Ihrer Nutzung \u00fcber verschiedene Ger\u00e4te hinweg deaktivieren, indem Sie in Ihrem Google-Konto auf \"Meine Informationen\", \"Pers\u00f6nliche Informationen\" gehen.<\/p><p>Rechtsgrundlage: Artikel 6 Absatz 1 Buchstabe f der Datenschutz-Grundverordnung.<\/p><p>\u00a0<\/p><p><strong>KONTAKTFORMULAR<\/strong><\/p><p>Der f\u00fcr die Verarbeitung Verantwortliche betreibt auf den betriebenen Webseiten ein Kontaktformular, das den Besuchern die Kontaktaufnahme und die Anforderung von Informationen erleichtert.<br \/>Indem Sie dieses Formular ausf\u00fcllen und das untenstehende K\u00e4stchen ankreuzen, akzeptieren Sie unsere Datenschutzrichtlinie, deren aktuelle Fassung Sie unter folgender Adresse finden.<\/p><p>\u00a0<\/p><p><strong>BENUTZERDATEN<\/strong><\/p><p>Sie k\u00f6nnen Ihre Einstellungen und die \u00fcber Sie gespeicherten Daten \u00fcberpr\u00fcfen und \u00e4ndern lassen.<\/p>\t\t\t\t\t\t\t\t<\/div>\n\t\t\t\t<\/div>\n\t\t\t\t\t<\/div>\n\t\t<\/div>\n\t\t\t\t\t<\/div>\n\t\t<\/section>\n\t\t\t\t<\/div>","protected":false},"excerpt":{"rendered":"<p>Cookie-Erkl\u00e4rung ERFORDERLICH COOKIES: Die Cookies erforderlich sind unbedingt notwendig f\u00fcr das Funktionieren des Systems, ohne sie kann die Website nicht richtig genutzt werden, und die Verwendung von Cookies ist notwendig, um die berechtigten Interessen der Mr-rent zu gew\u00e4hrleisten. Diese Cookies k\u00f6nnen ohne die Zustimmung des Benutzers verwendet werden und k\u00f6nnen nicht ausgeschaltet werden. Rechtsgrundlage: Artikel 6(1)(b) GDPR. FUNKTION UND FUNKTION COOKIE-K Die Funktion und ... <a title=\"Cookie-Erkl\u00e4rung\" class=\"read-more\" href=\"https:\/\/roll-market.com\/de\/cookie-policy\/\" aria-label=\"Mehr Informationen \u00fcber Cookie Nyilatkozat\">Mehr lesen<\/a><\/p>","protected":false},"author":1,"featured_media":0,"parent":0,"menu_order":0,"comment_status":"closed","ping_status":"closed","template":"elementor_header_footer","meta":{"_acf_changed":false,"footnotes":""},"class_list":["post-593","page","type-page","status-publish"],"acf":[],"_links":{"self":[{"href":"https:\/\/roll-market.com\/de\/wp-json\/wp\/v2\/pages\/593","targetHints":{"allow":["GET"]}}],"collection":[{"href":"https:\/\/roll-market.com\/de\/wp-json\/wp\/v2\/pages"}],"about":[{"href":"https:\/\/roll-market.com\/de\/wp-json\/wp\/v2\/types\/page"}],"author":[{"embeddable":true,"href":"https:\/\/roll-market.com\/de\/wp-json\/wp\/v2\/users\/1"}],"replies":[{"embeddable":true,"href":"https:\/\/roll-market.com\/de\/wp-json\/wp\/v2\/comments?post=593"}],"version-history":[{"count":4,"href":"https:\/\/roll-market.com\/de\/wp-json\/wp\/v2\/pages\/593\/revisions"}],"predecessor-version":[{"id":597,"href":"https:\/\/roll-market.com\/de\/wp-json\/wp\/v2\/pages\/593\/revisions\/597"}],"wp:attachment":[{"href":"https:\/\/roll-market.com\/de\/wp-json\/wp\/v2\/media?parent=593"}],"curies":[{"name":"wp","href":"https:\/\/api.w.org\/{rel}","templated":true}]}}