{"id":32,"date":"2023-10-26T21:25:43","date_gmt":"2023-10-26T21:25:43","guid":{"rendered":"http:\/\/134.122.69.219\/?page_id=32"},"modified":"2023-12-20T13:42:55","modified_gmt":"2023-12-20T12:42:55","slug":"returns","status":"publish","type":"page","link":"https:\/\/roll-market.com\/de\/returns\/","title":{"rendered":"Visszak\u00fcld\u00e9s &#8211; Panaszkezel\u00e9s"},"content":{"rendered":"<div data-elementor-type=\"wp-page\" data-elementor-id=\"32\" class=\"elementor elementor-32\" data-elementor-post-type=\"page\">\n\t\t\t\t\t\t<section class=\"elementor-section elementor-top-section elementor-element elementor-element-27bd96c elementor-section-stretched elementor-section-content-middle elementor-section-boxed elementor-section-height-default elementor-section-height-default\" data-id=\"27bd96c\" data-element_type=\"section\" data-settings=\"{&quot;stretch_section&quot;:&quot;section-stretched&quot;,&quot;jet_parallax_layout_list&quot;:[{&quot;jet_parallax_layout_image&quot;:{&quot;url&quot;:&quot;&quot;,&quot;id&quot;:&quot;&quot;,&quot;size&quot;:&quot;&quot;},&quot;_id&quot;:&quot;9d879cb&quot;,&quot;jet_parallax_layout_speed&quot;:{&quot;unit&quot;:&quot;%&quot;,&quot;size&quot;:50,&quot;sizes&quot;:[]},&quot;jet_parallax_layout_image_tablet&quot;:{&quot;url&quot;:&quot;&quot;,&quot;id&quot;:&quot;&quot;,&quot;size&quot;:&quot;&quot;},&quot;jet_parallax_layout_image_mobile&quot;:{&quot;url&quot;:&quot;&quot;,&quot;id&quot;:&quot;&quot;,&quot;size&quot;:&quot;&quot;},&quot;jet_parallax_layout_type&quot;:&quot;scroll&quot;,&quot;jet_parallax_layout_direction&quot;:&quot;1&quot;,&quot;jet_parallax_layout_fx_direction&quot;:null,&quot;jet_parallax_layout_z_index&quot;:&quot;&quot;,&quot;jet_parallax_layout_bg_x&quot;:50,&quot;jet_parallax_layout_bg_x_tablet&quot;:&quot;&quot;,&quot;jet_parallax_layout_bg_x_mobile&quot;:&quot;&quot;,&quot;jet_parallax_layout_bg_y&quot;:50,&quot;jet_parallax_layout_bg_y_tablet&quot;:&quot;&quot;,&quot;jet_parallax_layout_bg_y_mobile&quot;:&quot;&quot;,&quot;jet_parallax_layout_bg_size&quot;:&quot;auto&quot;,&quot;jet_parallax_layout_bg_size_tablet&quot;:&quot;&quot;,&quot;jet_parallax_layout_bg_size_mobile&quot;:&quot;&quot;,&quot;jet_parallax_layout_animation_prop&quot;:&quot;transform&quot;,&quot;jet_parallax_layout_on&quot;:[&quot;desktop&quot;,&quot;tablet&quot;]}],&quot;background_background&quot;:&quot;classic&quot;}\">\n\t\t\t\t\t\t<div class=\"elementor-container elementor-column-gap-default\">\n\t\t\t\t\t<div class=\"elementor-column elementor-col-100 elementor-top-column elementor-element elementor-element-da6d1a1\" data-id=\"da6d1a1\" data-element_type=\"column\">\n\t\t\t<div class=\"elementor-widget-wrap elementor-element-populated\">\n\t\t\t\t\t\t<div class=\"elementor-element elementor-element-3d5b764 elementor-widget elementor-widget-heading\" data-id=\"3d5b764\" data-element_type=\"widget\" data-widget_type=\"heading.default\">\n\t\t\t\t<div class=\"elementor-widget-container\">\n\t\t\t\t\t<h1 class=\"elementor-heading-title elementor-size-default\">REKLAMATIONSBEARBEITUNG, GARANTIE<\/h1>\t\t\t\t<\/div>\n\t\t\t\t<\/div>\n\t\t\t\t\t<\/div>\n\t\t<\/div>\n\t\t\t\t\t<\/div>\n\t\t<\/section>\n\t\t\t\t<section class=\"elementor-section elementor-top-section elementor-element elementor-element-ef43bab elementor-section-boxed elementor-section-height-default elementor-section-height-default\" data-id=\"ef43bab\" data-element_type=\"section\" data-settings=\"{&quot;jet_parallax_layout_list&quot;:[]}\">\n\t\t\t\t\t\t<div class=\"elementor-container elementor-column-gap-default\">\n\t\t\t\t\t<div class=\"elementor-column elementor-col-100 elementor-top-column elementor-element elementor-element-a922e2e\" data-id=\"a922e2e\" data-element_type=\"column\">\n\t\t\t<div class=\"elementor-widget-wrap elementor-element-populated\">\n\t\t\t\t\t\t<div class=\"elementor-element elementor-element-15c4fe6 elementor-widget elementor-widget-text-editor\" data-id=\"15c4fe6\" data-element_type=\"widget\" data-widget_type=\"text-editor.default\">\n\t\t\t\t<div class=\"elementor-widget-container\">\n\t\t\t\t\t\t\t\t\t<div class=\"rich-text__text rte\"><h4><strong>PANEL-VERFAHREN <\/strong><\/h4><p>Im Falle einer Beschwerde kann sich der Verbraucher wie folgt beschweren:<\/p><p>Kontaktieren Sie den Verk\u00e4ufer per E-Mail, Internet oder Telefon. Der K\u00e4ufer kann eine Beschwerde \u00fcber die Dienstleistung m\u00fcndlich oder schriftlich einreichen. Der Verk\u00e4ufer muss innerhalb von 30 Tagen auf die Beschwerde antworten, insbesondere per E-Mail an die vom K\u00e4ufer angegebene E-Mail-Adresse. Wird die Beschwerde abgelehnt, muss der Verk\u00e4ufer seine Entscheidung begr\u00fcnden und dem K\u00e4ufer mitteilen, an welche Beh\u00f6rde oder Schlichtungsstelle er sich mit der Beschwerde wenden kann.<\/p><p>Wenn das Produkt innerhalb der Garantiezeit einen Mangel aufweist, hat der Kunde das Recht, die Behebung des Mangels zu verlangen. Wurde die Reklamation durch den Austausch der Ware gegen ein neues Produkt erledigt, beginnt die Garantiezeit ab dem Datum des Austauschs neu zu laufen. Im Falle einer unberechtigten Reklamation wird die Garantiefrist nicht verl\u00e4ngert. Der K\u00e4ufer wird unverz\u00fcglich \u00fcber das Ergebnis der Pr\u00fcfung informiert.<\/p><p>Der K\u00e4ufer muss das Produkt in einer sicheren Verpackung zur\u00fccksenden, um sicherzustellen, dass es w\u00e4hrend des Transports unversehrt bleibt. Die Ware sollte nur nach vorheriger Benachrichtigung des Verk\u00e4ufers (telefonisch oder per E-Mail) versendet werden. Der Verk\u00e4ufer akzeptiert keine per Nachnahme gesendeten Waren. Der zur\u00fcckgesandten Ware muss die Rechnung oder eine Kopie davon beigef\u00fcgt werden. Die Kosten f\u00fcr den Transport der reklamierten Ware zum Servicecenter tr\u00e4gt der K\u00e4ufer gegen\u00fcber dem Verk\u00e4ufer. Der Verk\u00e4ufer tr\u00e4gt die Kosten f\u00fcr die R\u00fccksendung der Ware, sobald eine g\u00fcltige Reklamation festgestellt wurde.<\/p><h4><strong>BERATUNG <\/strong><\/h4><p>Die Garantiebedingungen lauten wie folgt:<\/p><p><strong>Beginn der Anwartschaftszeit<\/strong>Die Garantiezeit beginnt mit dem Verkaufsdatum des Produkts.<\/p><p><strong>Begrenzung der Stillhaltefrist<\/strong>Wenn das Ger\u00e4t zu Miet- oder kommerziellen Zwecken verwendet wird, ist die Garantiezeit auf 30 Tage beschr\u00e4nkt.<\/p><p><strong>Batterie-Garantie<\/strong>Die Garantiezeit f\u00fcr den Akku betr\u00e4gt 6 Monate.<\/p><p><strong>Die Verpflichtung zur guten F\u00fchrung<\/strong>ROLL-MARKET.COM repariert oder ersetzt alle <strong>Fabrikationsfehler<\/strong> Teil innerhalb der Garantiezeit.<\/p><p>Unter diesen Bedingungen k\u00f6nnen sich die Kunden auf die Unterst\u00fctzung von ROLL-MARKET.COM verlassen, wenn die Produkte innerhalb der Garantiezeit Herstellungsfehler aufweisen.<\/p><h4><strong>GARANTIE UND SERVICE <\/strong><\/h4><p>Die Garantie ist nur g\u00fcltig, wenn das Produkt f\u00fcr den vorgesehenen Zweck verwendet wird.<\/p><p>In den unten aufgef\u00fchrten F\u00e4llen gew\u00e4hrt ROLL-MARKET.COM keinen Garantieschutz:<\/p><ul><li>Sch\u00e4den, die sich aus der Anwendung einer nicht vorschriftsm\u00e4\u00dfigen Reparatur- oder Wartungsmethode ergeben<\/li><li>Sch\u00e4den, die durch die Benutzung von Scootern im Wettbewerb entstehen<\/li><li>Verschlei\u00dfteile (z. B. Reifen, Bremsen, Gl\u00fchbirnen, usw.)<\/li><li>Sch\u00e4den durch unsachgem\u00e4\u00dfen Transport oder Lagerung<\/li><li>das gemietete Produkt hat einen begrenzten Garantieschutz (siehe oben)<\/li><li>Sch\u00e4den oder M\u00e4ngel, die durch \u00e4u\u00dfere Einwirkungen, Sch\u00e4den oder M\u00e4ngel verursacht wurden.<\/li><li>bei einer Nachfrage, die die technisch vorgeschriebene Kapazit\u00e4t \u00fcbersteigt<\/li><li>f\u00fcr die am Ger\u00e4t vorgenommenen \u00c4nderungen<\/li><li>Sch\u00e4den infolge von Missbrauch<\/li><li>wenn der km-Z\u00e4hler des Ger\u00e4ts 2000 km \u00fcberschreitet.<\/li><\/ul><h4><strong>SICHERE VERWENDUNG<\/strong><\/h4><p>Das Ger\u00e4t wird jeweils von einem Fahrgast benutzt.<\/p><p>Achten Sie darauf, dass Sie die Verkehrsregeln einhalten.<\/p><p>Stellen Sie sich immer mit beiden F\u00fc\u00dfen auf das Ger\u00e4t und halten Sie den Lenker mit beiden H\u00e4nden fest.<\/p><p>Bitte tragen Sie bei der Benutzung des Scooters eine Sicherheitsausr\u00fcstung.<\/p><p>\u00dcben Sie an sicheren Orten, bevor Sie Ihren Roller im Verkehr benutzen.<\/p><p>Zu Ihrer Sicherheit stellen Sie die H\u00f6chstgeschwindigkeit auf 25 km\/h ein. Schalten Sie bei mehr als 15 km\/h das Licht ein.<\/p><p>Schalten Sie den Scooter nicht bei Temperaturen unter -5\u00b0C ein.<\/p><p>Verwenden Sie keine brennbaren Materialien zur Reinigung des Rollers.<\/p><p>Nicht mit einem Hochdruckreiniger reinigen.<\/p><p>Befolgen Sie die Verkehrsregeln.<\/p><p>Wenn Sie das Ger\u00e4t nicht benutzen, bewahren Sie es an einem trockenen, k\u00fchlen Ort auf.<\/p><p>Bitte verlangsamen Sie das Tempo oder steigen Sie ab, wenn Sie auf unebenen Stra\u00dfen unterwegs sind.<\/p><p>Benutzen Sie den Scooter nicht auf rutschigem Untergrund.<\/p><p>Fahren Sie nicht in Wasserpf\u00fctzen, die tiefer als 3 cm sind.<\/p><p>Benutzen Sie den Roller nicht bei schlechten Wetterbedingungen (z.B. Regen, Schnee)<\/p><p>Bitte \u00fcberschreiten Sie nicht die maximale Tragf\u00e4higkeit des Scooters.<\/p><p>Bitte benutzen Sie den Roller nicht, wenn es zu hei\u00df oder zu kalt ist. Halten Sie ihn von brennbaren Materialien und offenen Flammen fern. Setzen Sie ihn nicht starker Sonneneinstrahlung aus.<\/p><\/div>\t\t\t\t\t\t\t\t<\/div>\n\t\t\t\t<\/div>\n\t\t\t\t\t<\/div>\n\t\t<\/div>\n\t\t\t\t\t<\/div>\n\t\t<\/section>\n\t\t\t\t<\/div>","protected":false},"excerpt":{"rendered":"<p>PANASZKEZEL\u00c9S, GARANCIA \u00c1RUPANASZ ELJ\u00c1R\u00c1S A fogyaszt\u00f3 panasz eset\u00e9n a k\u00f6vetkez\u0151k\u00e9ppen tehet panaszt: Az elad\u00f3val val\u00f3 kapcsolatfelv\u00e9tel e-mailben, az interneten vagy telefonon. A Vev\u0151 sz\u00f3ban \u00e9s \u00edr\u00e1sban is kifejtheti panasz\u00e1t a szolg\u00e1ltat\u00e1ssal kapcsolatban. Az elad\u00f3 k\u00f6teles a panaszt 30 napon bel\u00fcl \u00e9rdemben megv\u00e1laszolni, els\u0151sorban a Vev\u0151 \u00e1ltal megadott e-mail c\u00edmre elk\u00fcldve. Amennyiben a panaszt elutas\u00edtj\u00e1k, az &#8230; <a title=\"R\u00fcckgabe - Bearbeitung von Reklamationen\" class=\"read-more\" href=\"https:\/\/roll-market.com\/de\/returns\/\" aria-label=\"Mehr Informationen \u00fcber Visszak\u00fcld\u00e9s &#8211; Panaszkezel\u00e9s\">Mehr lesen<\/a><\/p>","protected":false},"author":1,"featured_media":0,"parent":0,"menu_order":0,"comment_status":"closed","ping_status":"closed","template":"elementor_header_footer","meta":{"_acf_changed":false,"footnotes":""},"class_list":["post-32","page","type-page","status-publish"],"acf":[],"_links":{"self":[{"href":"https:\/\/roll-market.com\/de\/wp-json\/wp\/v2\/pages\/32","targetHints":{"allow":["GET"]}}],"collection":[{"href":"https:\/\/roll-market.com\/de\/wp-json\/wp\/v2\/pages"}],"about":[{"href":"https:\/\/roll-market.com\/de\/wp-json\/wp\/v2\/types\/page"}],"author":[{"embeddable":true,"href":"https:\/\/roll-market.com\/de\/wp-json\/wp\/v2\/users\/1"}],"replies":[{"embeddable":true,"href":"https:\/\/roll-market.com\/de\/wp-json\/wp\/v2\/comments?post=32"}],"version-history":[{"count":22,"href":"https:\/\/roll-market.com\/de\/wp-json\/wp\/v2\/pages\/32\/revisions"}],"predecessor-version":[{"id":1019,"href":"https:\/\/roll-market.com\/de\/wp-json\/wp\/v2\/pages\/32\/revisions\/1019"}],"wp:attachment":[{"href":"https:\/\/roll-market.com\/de\/wp-json\/wp\/v2\/media?parent=32"}],"curies":[{"name":"wp","href":"https:\/\/api.w.org\/{rel}","templated":true}]}}