{"id":720,"date":"2023-11-10T13:40:51","date_gmt":"2023-11-10T12:40:51","guid":{"rendered":"http:\/\/134.122.69.219\/?post_type=product&#038;p=720"},"modified":"2024-08-05T11:11:56","modified_gmt":"2024-08-05T10:11:56","slug":"tuya-pro-2","status":"publish","type":"product","link":"https:\/\/roll-market.com\/cz\/product\/tuya-pro-2\/","title":{"rendered":"Tuya PRO 2"},"content":{"rendered":"<div class=\"flex flex-grow flex-col max-w-full gap-3 gizmo:gap-0\">\n<div class=\"min-h-[20px] text-message peer flex flex-col items-start gap-3 whitespace-pre-wrap break-words peer-[.text-message]:mt-5 overflow-x-auto\" data-message-author-role=\"assistant\" data-message-id=\"fe82b406-e26b-4b64-a1c4-2497dd520dd2\">\n<div class=\"markdown prose w-full break-words dark:prose-invert dark\">\n<p><strong>Objevte elektrick\u00fd sk\u00fatr Tuya Pro 2, kter\u00fd se m\u016f\u017ee pochlubit vysok\u00fdm v\u00fdkonem a \u0159adou p\u016fsobiv\u00fdch funkc\u00ed:<\/strong><\/p>\n<ul>\n<li><strong>20 km Cestovn\u00ed kapacita:<\/strong> Sk\u00fatr s dojezdem 20 kilometr\u016f nab\u00edz\u00ed dal\u0161\u00ed mo\u017enosti j\u00edzdy.<\/li>\n<li><strong>Inteligentn\u00ed ovl\u00e1d\u00e1n\u00ed aplikac\u00ed:<\/strong> Pomoc\u00ed aplikace AovoPro m\u016f\u017eete kolob\u011b\u017eku snadno zamknout a odemknout a sledovat rychlost, stav baterie a nap\u00e1jen\u00ed. Krom\u011b toho m\u016f\u017eete ovl\u00e1dat osv\u011btlen\u00ed, nastavit dobu automatick\u00e9ho vypnut\u00ed a vybrat si ze \u010dty\u0159 nastaven\u00ed rychlosti.<\/li>\n<li><strong>Rychl\u00fd pokrok:<\/strong> D\u00edky maxim\u00e1ln\u00ed rychlosti 31 km\/h a \u010dty\u0159em r\u016fzn\u00fdm nastaven\u00edm rychlosti (6KM\/H, 15KM\/H, 20KM\/H, 25KM\/H) lze kolob\u011b\u017eku nastavit na prom\u011bnlivou rychlost.<\/li>\n<li><strong>Masivn\u00ed design:<\/strong> Kolob\u011b\u017eka o hmotnosti 120 kg je vyrobena z hlin\u00edkov\u00e9 slitiny a je pevn\u00e1 a odoln\u00e1. Je poh\u00e1n\u011bna 350W motorem a dok\u00e1\u017ee p\u0159ekonat stoup\u00e1n\u00ed a\u017e do 20 stup\u0148\u016f.<\/li>\n<li><strong>Bezpe\u010dnost na prvn\u00edm m\u00edst\u011b:<\/strong> Dvojit\u00fd brzdov\u00fd syst\u00e9m (elektrick\u00e1 p\u0159edn\u00ed brzda a zadn\u00ed kotou\u010dov\u00e1 brzda) zaru\u010duje rychl\u00e9 a bezpe\u010dn\u00e9 zastaven\u00ed. Kolob\u011b\u017eka m\u00e1 stupe\u0148 kryt\u00ed IP65.<\/li>\n<li><strong>Snadno p\u0159enosn\u00e9:<\/strong> Kolob\u011b\u017eka se slo\u017e\u00ed b\u011bhem 3 sekund pro snadn\u00e9 skladov\u00e1n\u00ed a p\u0159epravu, v\u00e1\u017e\u00ed 12,5 kg a je vybavena spolehliv\u00fdm skl\u00e1dac\u00edm mechanismem.<\/li>\n<li><strong>P\u0159\u00edjemn\u00fd z\u00e1\u017eitek z j\u00edzdy:<\/strong> D\u00edky funkc\u00edm, jako je hlasit\u00fd kovov\u00fd zvonek, barevn\u00fd LCD displej a tempomat, je j\u00edzda p\u0159\u00edjemn\u00e1.<\/li>\n<li><strong>Pohodln\u00e1 cesta bez z\u00e1vad:<\/strong> Pohodlnou j\u00edzdu zaji\u0161\u0165uj\u00ed 8,5palcov\u00e9 protiskluzov\u00e9 pneumatiky s pevn\u00fdm vo\u0161tinov\u00fdm povrchem, odoln\u00e9 proti prop\u00edchnut\u00ed.<\/li>\n<\/ul>\n<\/div>\n<\/div>\n<\/div>","protected":false},"excerpt":{"rendered":"<div class=\"flex flex-grow flex-col max-w-full gap-3 gizmo:gap-0\">\n<div class=\"min-h-[20px] text-message peer flex flex-col items-start gap-3 whitespace-pre-wrap break-words peer-[.text-message]:mt-5 overflow-x-auto\" data-message-author-role=\"assistant\" data-message-id=\"7f7da77a-26cd-4499-a268-85510afce9d5\">\n<div class=\"markdown prose w-full break-words dark:prose-invert dark\">\n<p>Tuya Pro 2 je elektrick\u00e1 kolob\u011b\u017eka, kter\u00e1 kombinuje p\u016fsobivou rychlost, dlouhou \u017eivotnost, vysokou \u00farove\u0148 bezpe\u010dnosti a pokro\u010dil\u00e9 technologick\u00e9 funkce a nab\u00edz\u00ed tak jedine\u010dn\u00fd z\u00e1\u017eitek z j\u00edzdy ve vysok\u00e9 kvalit\u011b.<\/p>\n<\/div>\n<\/div>\n<\/div>","protected":false},"featured_media":721,"comment_status":"open","ping_status":"closed","template":"","meta":{"_acf_changed":false},"product_brand":[],"product_cat":[15,20,34],"product_tag":[],"class_list":{"0":"post-720","1":"product","2":"type-product","3":"status-publish","4":"has-post-thumbnail","6":"product_cat-rollerek","7":"product_cat-hetvegi-rollerek","8":"product_cat-tuya","10":"first","11":"outofstock","12":"sale","13":"shipping-taxable","14":"purchasable","15":"product-type-simple"},"acf":[],"_links":{"self":[{"href":"https:\/\/roll-market.com\/cz\/wp-json\/wp\/v2\/product\/720","targetHints":{"allow":["GET"]}}],"collection":[{"href":"https:\/\/roll-market.com\/cz\/wp-json\/wp\/v2\/product"}],"about":[{"href":"https:\/\/roll-market.com\/cz\/wp-json\/wp\/v2\/types\/product"}],"replies":[{"embeddable":true,"href":"https:\/\/roll-market.com\/cz\/wp-json\/wp\/v2\/comments?post=720"}],"wp:featuredmedia":[{"embeddable":true,"href":"https:\/\/roll-market.com\/cz\/wp-json\/wp\/v2\/media\/721"}],"wp:attachment":[{"href":"https:\/\/roll-market.com\/cz\/wp-json\/wp\/v2\/media?parent=720"}],"wp:term":[{"taxonomy":"product_brand","embeddable":true,"href":"https:\/\/roll-market.com\/cz\/wp-json\/wp\/v2\/product_brand?post=720"},{"taxonomy":"product_cat","embeddable":true,"href":"https:\/\/roll-market.com\/cz\/wp-json\/wp\/v2\/product_cat?post=720"},{"taxonomy":"product_tag","embeddable":true,"href":"https:\/\/roll-market.com\/cz\/wp-json\/wp\/v2\/product_tag?post=720"}],"curies":[{"name":"wp","href":"https:\/\/api.w.org\/{rel}","templated":true}]}}