{"id":392,"date":"2023-10-31T17:55:20","date_gmt":"2023-10-31T16:55:20","guid":{"rendered":"http:\/\/134.122.69.219\/?post_type=product&#038;p=392"},"modified":"2025-05-05T10:30:36","modified_gmt":"2025-05-05T08:30:36","slug":"joyor-s10-s","status":"publish","type":"product","link":"https:\/\/roll-market.com\/cz\/product\/joyor-s10-s\/","title":{"rendered":"JOYOR-S10-S 2X1000W 18AH"},"content":{"rendered":"<p>Joyor S10-S je pom\u011brn\u011b robustn\u00ed sk\u00fatr s p\u0159edn\u00edmi a zadn\u00edmi hydraulick\u00fdmi kotou\u010dov\u00fdmi brzdami a dvojit\u00fdm p\u0159edn\u00edm a zadn\u00edm odpru\u017een\u00edm. Tato konstrukce zaru\u010duje plynulou a bezpe\u010dnou j\u00edzdu i na nerovn\u00e9m ter\u00e9nu. P\u0159edn\u00ed a zadn\u00ed sv\u011btla zaji\u0161\u0165uj\u00ed osv\u011btlen\u00ed p\u0159i no\u010dn\u00ed j\u00edzd\u011b, co\u017e v\u00fdrazn\u011b p\u0159isp\u00edv\u00e1 k jist\u00e9 a bezstarostn\u00e9 j\u00edzd\u011b i po setm\u011bn\u00ed.<\/p>","protected":false},"excerpt":{"rendered":"<p>Joyor S10-S je extr\u00e9mn\u011b v\u00fdkonn\u00fd a robustn\u00ed sk\u00fatr poh\u00e1n\u011bn\u00fd dv\u011bma motory o v\u00fdkonu 1000 W. Dok\u00e1\u017ee ujet vzd\u00e1lenost a\u017e 70-85 km a dosahuje maxim\u00e1ln\u00ed rychlosti a\u017e 65 km\/h.<\/p>","protected":false},"featured_media":394,"comment_status":"open","ping_status":"closed","template":"","meta":{"_acf_changed":false},"product_brand":[],"product_cat":[15,17,21],"product_tag":[],"class_list":{"0":"post-392","1":"product","2":"type-product","3":"status-publish","4":"has-post-thumbnail","6":"product_cat-rollerek","7":"product_cat-joyor","8":"product_cat-performance-rollerek","10":"first","11":"outofstock","12":"sale","13":"shipping-taxable","14":"purchasable","15":"product-type-simple"},"acf":[],"_links":{"self":[{"href":"https:\/\/roll-market.com\/cz\/wp-json\/wp\/v2\/product\/392","targetHints":{"allow":["GET"]}}],"collection":[{"href":"https:\/\/roll-market.com\/cz\/wp-json\/wp\/v2\/product"}],"about":[{"href":"https:\/\/roll-market.com\/cz\/wp-json\/wp\/v2\/types\/product"}],"replies":[{"embeddable":true,"href":"https:\/\/roll-market.com\/cz\/wp-json\/wp\/v2\/comments?post=392"}],"wp:featuredmedia":[{"embeddable":true,"href":"https:\/\/roll-market.com\/cz\/wp-json\/wp\/v2\/media\/394"}],"wp:attachment":[{"href":"https:\/\/roll-market.com\/cz\/wp-json\/wp\/v2\/media?parent=392"}],"wp:term":[{"taxonomy":"product_brand","embeddable":true,"href":"https:\/\/roll-market.com\/cz\/wp-json\/wp\/v2\/product_brand?post=392"},{"taxonomy":"product_cat","embeddable":true,"href":"https:\/\/roll-market.com\/cz\/wp-json\/wp\/v2\/product_cat?post=392"},{"taxonomy":"product_tag","embeddable":true,"href":"https:\/\/roll-market.com\/cz\/wp-json\/wp\/v2\/product_tag?post=392"}],"curies":[{"name":"wp","href":"https:\/\/api.w.org\/{rel}","templated":true}]}}