{"id":380,"date":"2023-10-31T18:49:07","date_gmt":"2023-10-31T16:49:07","guid":{"rendered":"http:\/\/134.122.69.219\/?post_type=product&#038;p=380"},"modified":"2026-04-20T11:49:57","modified_gmt":"2026-04-20T09:49:57","slug":"kugoo-kirin-g2-pro-600w-15ah-45km-h","status":"publish","type":"product","link":"https:\/\/roll-market.com\/cz\/product\/kugoo-kirin-g2-pro-600w-15ah-45km-h\/","title":{"rendered":"KUKIRIN G2 PRO 2.0 600W 15AH 45KM\/H 2026"},"content":{"rendered":"<p>S celkovou d\u00e9lkou 120 cm, maxim\u00e1ln\u00ed v\u00fd\u0161kou 128 cm a hmotnost\u00ed pouh\u00fdch 24 kg (bez sed\u00e1tka) ji lze snadno zvednout samotnou. Pohodln\u011b se vejde nap\u0159\u00edklad do zavazadlov\u00e9ho prostoru a v p\u0159\u00edpad\u011b pot\u0159eby jej lze snadno zvednout po n\u011bkolika schodech. Jeho nosnost je pom\u011brn\u011b dobr\u00e1, podle tov\u00e1rn\u00edch \u00fadaj\u016f a\u017e 120 kg. Hlin\u00edkov\u00fd r\u00e1m je robustn\u00ed, s p\u0159edn\u00edm a zadn\u00edm odpru\u017een\u00edm kyvn\u00fdch ramen, co\u017e je velmi u\u017eite\u010dn\u00e9 p\u0159i del\u0161\u00edch cest\u00e1ch v m\u011bstsk\u00e9m i ter\u00e9nn\u00edm prost\u0159ed\u00ed.<\/p>","protected":false},"excerpt":{"rendered":"<p>Kugoo Kirin G2 PRO je skute\u010dn\u011b odoln\u00e1 elektrick\u00e1 kolob\u011b\u017eka. Jej\u00ed 600W motor a 15 Ah baterie umo\u017e\u0148uj\u00ed dojezd a\u017e 55 km a rychlost a\u017e 45 km\/h.<\/p>","protected":false},"featured_media":4130,"comment_status":"open","ping_status":"closed","template":"","meta":{"_acf_changed":false},"product_brand":[],"product_cat":[15,18,21],"product_tag":[],"class_list":{"0":"post-380","1":"product","2":"type-product","3":"status-publish","4":"has-post-thumbnail","6":"product_cat-rollerek","7":"product_cat-kugoo","8":"product_cat-performance-rollerek","10":"first","11":"instock","12":"sale","13":"shipping-taxable","14":"purchasable","15":"product-type-simple"},"acf":[],"_links":{"self":[{"href":"https:\/\/roll-market.com\/cz\/wp-json\/wp\/v2\/product\/380","targetHints":{"allow":["GET"]}}],"collection":[{"href":"https:\/\/roll-market.com\/cz\/wp-json\/wp\/v2\/product"}],"about":[{"href":"https:\/\/roll-market.com\/cz\/wp-json\/wp\/v2\/types\/product"}],"replies":[{"embeddable":true,"href":"https:\/\/roll-market.com\/cz\/wp-json\/wp\/v2\/comments?post=380"}],"wp:featuredmedia":[{"embeddable":true,"href":"https:\/\/roll-market.com\/cz\/wp-json\/wp\/v2\/media\/4130"}],"wp:attachment":[{"href":"https:\/\/roll-market.com\/cz\/wp-json\/wp\/v2\/media?parent=380"}],"wp:term":[{"taxonomy":"product_brand","embeddable":true,"href":"https:\/\/roll-market.com\/cz\/wp-json\/wp\/v2\/product_brand?post=380"},{"taxonomy":"product_cat","embeddable":true,"href":"https:\/\/roll-market.com\/cz\/wp-json\/wp\/v2\/product_cat?post=380"},{"taxonomy":"product_tag","embeddable":true,"href":"https:\/\/roll-market.com\/cz\/wp-json\/wp\/v2\/product_tag?post=380"}],"curies":[{"name":"wp","href":"https:\/\/api.w.org\/{rel}","templated":true}]}}