{"id":366,"date":"2023-10-31T16:45:43","date_gmt":"2023-10-31T16:45:43","guid":{"rendered":"http:\/\/134.122.69.219\/?post_type=product&#038;p=366"},"modified":"2024-08-05T11:02:59","modified_gmt":"2024-08-05T10:02:59","slug":"kugoo-kirin-g3-pro-2x1200w-23ah-65km-h","status":"publish","type":"product","link":"https:\/\/roll-market.com\/cz\/product\/kugoo-kirin-g3-pro-2x1200w-23ah-65km-h\/","title":{"rendered":"KUGOO KIRIN G3 PRO 2X1200W 23AH 65KM\/H"},"content":{"rendered":"<p>G3 Pro je model s vynikaj\u00edc\u00edm designem. G3 Pro je optim\u00e1ln\u00ed volbou pro ty, kte\u0159\u00ed v\u011bd\u00ed, co cht\u011bj\u00ed. Pro kter\u00e9 je j\u00edzda na kolob\u011b\u017ece nejen dopravn\u00edm prost\u0159edkem, ale tak\u00e9 z\u00e1bavou. D\u00edky konstrukci se dv\u011bma motory dok\u00e1\u017ee vyjet i prudk\u00e9 kopce, na kter\u00e9 byste ani nepomysleli. Hydraulick\u00fd brzdov\u00fd syst\u00e9m je vynikaj\u00edc\u00ed pro dynamick\u00e9 zpomalov\u00e1n\u00ed a brzd\u011bn\u00ed. Jeho tlumen\u00ed n\u00e1raz\u016f pracuje s p\u016fsobivou \u00fa\u010dinnost\u00ed a hrav\u011b si porad\u00ed i s n\u00e1strahami toho nejhrbolat\u011bj\u0161\u00edho ter\u00e9nu.<\/p>","protected":false},"excerpt":{"rendered":"<p>Ter\u00e9nn\u00ed elektrick\u00e1 kolob\u011b\u017eka Kugoo Kirin G3 Pro m\u00e1 dva 1200W motory, vym\u011bnitelnou baterii 52 V, 23,2 Ah, 10palcov\u00e9 ter\u00e9nn\u00ed pneumatiky, dojezd 80 km a maxim\u00e1ln\u00ed rychlost 65 km\/h.<\/p>","protected":false},"featured_media":374,"comment_status":"open","ping_status":"closed","template":"","meta":{"_acf_changed":false},"product_brand":[],"product_cat":[15,18,21],"product_tag":[],"class_list":{"0":"post-366","1":"product","2":"type-product","3":"status-publish","4":"has-post-thumbnail","6":"product_cat-rollerek","7":"product_cat-kugoo","8":"product_cat-performance-rollerek","10":"first","11":"outofstock","12":"sale","13":"shipping-taxable","14":"purchasable","15":"product-type-simple"},"acf":[],"_links":{"self":[{"href":"https:\/\/roll-market.com\/cz\/wp-json\/wp\/v2\/product\/366","targetHints":{"allow":["GET"]}}],"collection":[{"href":"https:\/\/roll-market.com\/cz\/wp-json\/wp\/v2\/product"}],"about":[{"href":"https:\/\/roll-market.com\/cz\/wp-json\/wp\/v2\/types\/product"}],"replies":[{"embeddable":true,"href":"https:\/\/roll-market.com\/cz\/wp-json\/wp\/v2\/comments?post=366"}],"wp:featuredmedia":[{"embeddable":true,"href":"https:\/\/roll-market.com\/cz\/wp-json\/wp\/v2\/media\/374"}],"wp:attachment":[{"href":"https:\/\/roll-market.com\/cz\/wp-json\/wp\/v2\/media?parent=366"}],"wp:term":[{"taxonomy":"product_brand","embeddable":true,"href":"https:\/\/roll-market.com\/cz\/wp-json\/wp\/v2\/product_brand?post=366"},{"taxonomy":"product_cat","embeddable":true,"href":"https:\/\/roll-market.com\/cz\/wp-json\/wp\/v2\/product_cat?post=366"},{"taxonomy":"product_tag","embeddable":true,"href":"https:\/\/roll-market.com\/cz\/wp-json\/wp\/v2\/product_tag?post=366"}],"curies":[{"name":"wp","href":"https:\/\/api.w.org\/{rel}","templated":true}]}}