{"id":343,"date":"2023-10-31T16:29:40","date_gmt":"2023-10-31T16:29:40","guid":{"rendered":"http:\/\/134.122.69.219\/?post_type=product&#038;p=343"},"modified":"2025-12-09T00:05:55","modified_gmt":"2025-12-08T22:05:55","slug":"aovo-pro-esmax-500w-145ah-35km-h","status":"publish","type":"product","link":"https:\/\/roll-market.com\/cz\/product\/aovo-pro-esmax-500w-145ah-35km-h\/","title":{"rendered":"AOVO PRO ESMAX 500W 14,5AH 35KM\/H"},"content":{"rendered":"<p>Je vhodn\u00fd i pro cesty na del\u0161\u00ed vzd\u00e1lenosti a ide\u00e1ln\u00ed pro ty, kte\u0159\u00ed si cen\u00ed dojezdu. D\u00edky vzduchov\u00fdm pneumatik\u00e1m a tlumen\u00ed n\u00e1raz\u016f v p\u0159edn\u00ed a zadn\u00ed \u010d\u00e1sti poskytuje p\u0159\u00edjemn\u011bj\u0161\u00ed j\u00edzdu. D\u00edky skl\u00e1dac\u00edmu syst\u00e9mu se ESMAX snadno p\u0159epravuje a skladuje v aut\u011b i ve ve\u0159ejn\u00e9 doprav\u011b. U\u017eijte si neomezen\u00e9 mo\u017enosti a za\u017eijte s voz\u00edtkem ESMAX n\u011bco v\u00fdjime\u010dn\u00e9ho.<\/p>","protected":false},"excerpt":{"rendered":"<p>Aovo Pro ESMAX je extr\u00e9mn\u011b lehk\u00fd a kompaktn\u00ed pro pohodln\u00e9 pou\u017e\u00edv\u00e1n\u00ed v m\u011bstsk\u00e9m i ter\u00e9nn\u00edm prost\u0159ed\u00ed.<\/p>","protected":false},"featured_media":346,"comment_status":"open","ping_status":"closed","template":"","meta":{"_acf_changed":false},"product_brand":[],"product_cat":[15,30,16,20],"product_tag":[],"class_list":{"0":"post-343","1":"product","2":"type-product","3":"status-publish","4":"has-post-thumbnail","6":"product_cat-rollerek","7":"product_cat-akcios-rollerek","8":"product_cat-aovo","9":"product_cat-hetvegi-rollerek","11":"first","12":"outofstock","13":"sale","14":"shipping-taxable","15":"purchasable","16":"product-type-simple"},"acf":[],"_links":{"self":[{"href":"https:\/\/roll-market.com\/cz\/wp-json\/wp\/v2\/product\/343","targetHints":{"allow":["GET"]}}],"collection":[{"href":"https:\/\/roll-market.com\/cz\/wp-json\/wp\/v2\/product"}],"about":[{"href":"https:\/\/roll-market.com\/cz\/wp-json\/wp\/v2\/types\/product"}],"replies":[{"embeddable":true,"href":"https:\/\/roll-market.com\/cz\/wp-json\/wp\/v2\/comments?post=343"}],"wp:featuredmedia":[{"embeddable":true,"href":"https:\/\/roll-market.com\/cz\/wp-json\/wp\/v2\/media\/346"}],"wp:attachment":[{"href":"https:\/\/roll-market.com\/cz\/wp-json\/wp\/v2\/media?parent=343"}],"wp:term":[{"taxonomy":"product_brand","embeddable":true,"href":"https:\/\/roll-market.com\/cz\/wp-json\/wp\/v2\/product_brand?post=343"},{"taxonomy":"product_cat","embeddable":true,"href":"https:\/\/roll-market.com\/cz\/wp-json\/wp\/v2\/product_cat?post=343"},{"taxonomy":"product_tag","embeddable":true,"href":"https:\/\/roll-market.com\/cz\/wp-json\/wp\/v2\/product_tag?post=343"}],"curies":[{"name":"wp","href":"https:\/\/api.w.org\/{rel}","templated":true}]}}