{"id":1751,"date":"2024-05-13T14:33:50","date_gmt":"2024-05-13T13:33:50","guid":{"rendered":"http:\/\/134.122.69.219\/?post_type=product&#038;p=1751"},"modified":"2024-08-05T10:39:44","modified_gmt":"2024-08-05T09:39:44","slug":"sixfox-ts07","status":"publish","type":"product","link":"https:\/\/roll-market.com\/cz\/product\/sixfox-ts07\/","title":{"rendered":"Sixfox TS07 2024"},"content":{"rendered":"<p class=\"p1\">Elektrick\u00e1 kolob\u011b\u017eka TS07 je dob\u0159e vybaven\u00e1 m\u011bstsk\u00e1 kolob\u011b\u017eka. M\u00e1 tak\u00e9 dvojit\u00e9 tlumen\u00ed n\u00e1raz\u016f a ukazatel sm\u011bru, co\u017e je ve sv\u00e9 t\u0159\u00edd\u011b v\u00fdjime\u010dn\u00e9.<\/p>\n<p class=\"p1\">Kolob\u011b\u017eka je skv\u011blou alternativou k ve\u0159ejn\u00e9 doprav\u011b, je vybavena aplikac\u00ed Bluetooth a bateri\u00ed nov\u00e9 generace, kter\u00e1 zvy\u0161uje dojezd.<\/p>","protected":false},"excerpt":{"rendered":"<p class=\"p1\">Elektrick\u00e1 kolob\u011b\u017eka TS07 je dob\u0159e vybaven\u00e1 m\u011bstsk\u00e1 kolob\u011b\u017eka. M\u00e1 tak\u00e9 dvojit\u00e9 tlumen\u00ed n\u00e1raz\u016f a ukazatel sm\u011bru, co\u017e je ve sv\u00e9 t\u0159\u00edd\u011b v\u00fdjime\u010dn\u00e9.<\/p>\n<p class=\"p1\">Kolob\u011b\u017eka je skv\u011blou alternativou k ve\u0159ejn\u00e9 doprav\u011b, je vybavena aplikac\u00ed Bluetooth a bateri\u00ed nov\u00e9 generace, kter\u00e1 zvy\u0161uje dojezd.<\/p>","protected":false},"featured_media":1753,"comment_status":"open","ping_status":"closed","template":"","meta":{"_acf_changed":false},"product_brand":[],"product_cat":[30,15,20],"product_tag":[],"class_list":{"0":"post-1751","1":"product","2":"type-product","3":"status-publish","4":"has-post-thumbnail","6":"product_cat-akcios-rollerek","7":"product_cat-rollerek","8":"product_cat-hetvegi-rollerek","10":"first","11":"outofstock","12":"sale","13":"shipping-taxable","14":"purchasable","15":"product-type-simple"},"acf":[],"_links":{"self":[{"href":"https:\/\/roll-market.com\/cz\/wp-json\/wp\/v2\/product\/1751","targetHints":{"allow":["GET"]}}],"collection":[{"href":"https:\/\/roll-market.com\/cz\/wp-json\/wp\/v2\/product"}],"about":[{"href":"https:\/\/roll-market.com\/cz\/wp-json\/wp\/v2\/types\/product"}],"replies":[{"embeddable":true,"href":"https:\/\/roll-market.com\/cz\/wp-json\/wp\/v2\/comments?post=1751"}],"wp:featuredmedia":[{"embeddable":true,"href":"https:\/\/roll-market.com\/cz\/wp-json\/wp\/v2\/media\/1753"}],"wp:attachment":[{"href":"https:\/\/roll-market.com\/cz\/wp-json\/wp\/v2\/media?parent=1751"}],"wp:term":[{"taxonomy":"product_brand","embeddable":true,"href":"https:\/\/roll-market.com\/cz\/wp-json\/wp\/v2\/product_brand?post=1751"},{"taxonomy":"product_cat","embeddable":true,"href":"https:\/\/roll-market.com\/cz\/wp-json\/wp\/v2\/product_cat?post=1751"},{"taxonomy":"product_tag","embeddable":true,"href":"https:\/\/roll-market.com\/cz\/wp-json\/wp\/v2\/product_tag?post=1751"}],"curies":[{"name":"wp","href":"https:\/\/api.w.org\/{rel}","templated":true}]}}