{"id":142,"date":"2023-10-29T15:04:54","date_gmt":"2023-10-29T13:04:54","guid":{"rendered":"http:\/\/134.122.69.219\/?post_type=product&#038;p=142"},"modified":"2026-04-20T11:49:02","modified_gmt":"2026-04-20T09:49:02","slug":"aovo-es80","status":"publish","type":"product","link":"https:\/\/roll-market.com\/cz\/product\/aovo-es80\/","title":{"rendered":"AOVO ES80 350W 10.5AH 31KM\/H 2025"},"content":{"rendered":"<p>D\u00edky konstrukci z leteck\u00e9ho hlin\u00edku se hod\u00ed nejen do m\u011bsta, ale i na drsn\u011bj\u0161\u00ed silnice. Je tak\u00e9 dobrou volbou pro de\u0161tiv\u00e9 dny, proto\u017ee jeho konstrukce s kryt\u00edm IP64 zaji\u0161\u0165uje, \u017ee dob\u0159e odol\u00e1 vlhk\u00e9mu po\u010das\u00ed. Kapacita baterie zaji\u0161\u0165uje dojezd a\u017e 35 km na jedno nabit\u00ed. Kolob\u011b\u017eka je skl\u00e1dac\u00ed pro snadnou p\u0159epravu a skladov\u00e1n\u00ed.<\/p>","protected":false},"excerpt":{"rendered":"<div class=\"product__description rte quick-add-hidden\">Elektrick\u00fd sk\u00fatr Aovo ProES80 M365 se snadno pou\u017e\u00edv\u00e1 a je obl\u00edben\u00fdm dopravn\u00edm prost\u0159edkem. M\u00e1 v\u00fdkonn\u00fd motor, kter\u00fd dok\u00e1\u017ee zrychlit a\u017e na 31 km\/h.<\/div>","protected":false},"featured_media":143,"comment_status":"open","ping_status":"closed","template":"","meta":{"_acf_changed":false},"product_brand":[],"product_cat":[16,20,15],"product_tag":[],"class_list":{"0":"post-142","1":"product","2":"type-product","3":"status-publish","4":"has-post-thumbnail","6":"product_cat-aovo","7":"product_cat-hetvegi-rollerek","8":"product_cat-rollerek","10":"first","11":"instock","12":"sale","13":"shipping-taxable","14":"purchasable","15":"product-type-simple"},"acf":[],"_links":{"self":[{"href":"https:\/\/roll-market.com\/cz\/wp-json\/wp\/v2\/product\/142","targetHints":{"allow":["GET"]}}],"collection":[{"href":"https:\/\/roll-market.com\/cz\/wp-json\/wp\/v2\/product"}],"about":[{"href":"https:\/\/roll-market.com\/cz\/wp-json\/wp\/v2\/types\/product"}],"replies":[{"embeddable":true,"href":"https:\/\/roll-market.com\/cz\/wp-json\/wp\/v2\/comments?post=142"}],"wp:featuredmedia":[{"embeddable":true,"href":"https:\/\/roll-market.com\/cz\/wp-json\/wp\/v2\/media\/143"}],"wp:attachment":[{"href":"https:\/\/roll-market.com\/cz\/wp-json\/wp\/v2\/media?parent=142"}],"wp:term":[{"taxonomy":"product_brand","embeddable":true,"href":"https:\/\/roll-market.com\/cz\/wp-json\/wp\/v2\/product_brand?post=142"},{"taxonomy":"product_cat","embeddable":true,"href":"https:\/\/roll-market.com\/cz\/wp-json\/wp\/v2\/product_cat?post=142"},{"taxonomy":"product_tag","embeddable":true,"href":"https:\/\/roll-market.com\/cz\/wp-json\/wp\/v2\/product_tag?post=142"}],"curies":[{"name":"wp","href":"https:\/\/api.w.org\/{rel}","templated":true}]}}