{"id":1068,"date":"2024-01-05T10:46:17","date_gmt":"2024-01-05T08:46:17","guid":{"rendered":"http:\/\/134.122.69.219\/?post_type=product&#038;p=1068"},"modified":"2026-04-20T11:48:38","modified_gmt":"2026-04-20T09:48:38","slug":"kugoo-kukirin-g4","status":"publish","type":"product","link":"https:\/\/roll-market.com\/cz\/product\/kugoo-kukirin-g4\/","title":{"rendered":"KUKIRIN G4 2000W 20AH 70KM\/H 2026"},"content":{"rendered":"<p>Pohon zadn\u00edch kol a teleskopick\u00e9 odpru\u017een\u00ed modelu Kugoo KuKirin G4 zaji\u0161\u0165uj\u00ed vynikaj\u00edc\u00ed v\u00fdkon i v n\u00e1ro\u010dn\u00e9m ter\u00e9nu. Ned\u011bl\u00e1 mu probl\u00e9m vyj\u00ed\u017ed\u011bt a sj\u00ed\u017ed\u011bt n\u00e1spy, p\u0159ekon\u00e1vat elektrick\u00e9 veden\u00ed a dal\u0161\u00ed p\u0159ek\u00e1\u017eky. P\u0159edn\u00ed sv\u011btlo zaji\u0161\u0165uje \u00fa\u010dinn\u00e9 osv\u011btlen\u00ed, zat\u00edmco d\u00edky p\u0159\u00eddavn\u00fdm sv\u011btl\u016fm je kolob\u011b\u017eka v noci dob\u0159e viditeln\u00e1.<\/p>","protected":false},"excerpt":{"rendered":"<p>Kugoo KIRIN G4 je vynikaj\u00edc\u00ed volbou pro m\u011bstskou i venkovskou dopravu, je rychl\u00fd, v\u00fdkonn\u00fd, dynamick\u00fd a odoln\u00fd. Kolob\u011b\u017eka pat\u0159\u00ed do vy\u0161\u0161\u00ed st\u0159edn\u00ed t\u0159\u00eddy co do velikosti.<\/p>","protected":false},"featured_media":7561,"comment_status":"open","ping_status":"closed","template":"","meta":{"_acf_changed":false},"product_brand":[],"product_cat":[15,18,21],"product_tag":[],"class_list":{"0":"post-1068","1":"product","2":"type-product","3":"status-publish","4":"has-post-thumbnail","6":"product_cat-rollerek","7":"product_cat-kugoo","8":"product_cat-performance-rollerek","10":"first","11":"outofstock","12":"sale","13":"shipping-taxable","14":"purchasable","15":"product-type-simple"},"acf":[],"_links":{"self":[{"href":"https:\/\/roll-market.com\/cz\/wp-json\/wp\/v2\/product\/1068","targetHints":{"allow":["GET"]}}],"collection":[{"href":"https:\/\/roll-market.com\/cz\/wp-json\/wp\/v2\/product"}],"about":[{"href":"https:\/\/roll-market.com\/cz\/wp-json\/wp\/v2\/types\/product"}],"replies":[{"embeddable":true,"href":"https:\/\/roll-market.com\/cz\/wp-json\/wp\/v2\/comments?post=1068"}],"wp:featuredmedia":[{"embeddable":true,"href":"https:\/\/roll-market.com\/cz\/wp-json\/wp\/v2\/media\/7561"}],"wp:attachment":[{"href":"https:\/\/roll-market.com\/cz\/wp-json\/wp\/v2\/media?parent=1068"}],"wp:term":[{"taxonomy":"product_brand","embeddable":true,"href":"https:\/\/roll-market.com\/cz\/wp-json\/wp\/v2\/product_brand?post=1068"},{"taxonomy":"product_cat","embeddable":true,"href":"https:\/\/roll-market.com\/cz\/wp-json\/wp\/v2\/product_cat?post=1068"},{"taxonomy":"product_tag","embeddable":true,"href":"https:\/\/roll-market.com\/cz\/wp-json\/wp\/v2\/product_tag?post=1068"}],"curies":[{"name":"wp","href":"https:\/\/api.w.org\/{rel}","templated":true}]}}