{"id":1061,"date":"2024-01-05T10:33:54","date_gmt":"2024-01-05T08:33:54","guid":{"rendered":"http:\/\/134.122.69.219\/?post_type=product&#038;p=1061"},"modified":"2026-04-21T07:50:10","modified_gmt":"2026-04-21T05:50:10","slug":"kugoo-kukirin-g2-master","status":"publish","type":"product","link":"https:\/\/roll-market.com\/cz\/product\/kugoo-kukirin-g2-master\/","title":{"rendered":"KuKirin G2 Master dual 2x1000W 20.8AH 2026"},"content":{"rendered":"<p>Kolob\u011b\u017eka KUGOO KuKirin G2 Master m\u00e1 v\u00fdkonn\u00fd dvojit\u00fd pohon a teleskopick\u00e9 odpru\u017een\u00ed, tak\u017ee si snadno porad\u00ed s ka\u017ed\u00fdm ter\u00e9nem. P\u0159edn\u00ed sv\u011btlo poskytuje vynikaj\u00edc\u00ed osv\u011btlen\u00ed, zat\u00edmco d\u00edky p\u0159\u00eddavn\u00fdm sv\u011btl\u016fm je kolob\u011b\u017eka v noci dob\u0159e viditeln\u00e1. Kolob\u011b\u017eka KUKIRIN G2 MASTER je ide\u00e1ln\u00ed volbou pro ty, kte\u0159\u00ed hledaj\u00ed elektrickou kolob\u011b\u017eku, kter\u00e1 si hrav\u011b porad\u00ed s jakoukoli v\u00fdzvou.<\/p>","protected":false},"excerpt":{"rendered":"<p>P\u0159em\u00fd\u0161l\u00edte, kter\u00fd elektrick\u00fd sk\u00fatr si vybrat, aby byl v\u00fdkonn\u00fd, rychl\u00fd a dynamick\u00fd? Hled\u00e1te kolob\u011b\u017eku, kter\u00e1 si snadno porad\u00ed s nerovn\u00fdm ter\u00e9nem a ulicemi pln\u00fdmi p\u0159ek\u00e1\u017eek? Pokud ano, kolob\u011b\u017eka KUKIRIN G2 MASTER by pro v\u00e1s mohla b\u00fdt ide\u00e1ln\u00ed volbou!<\/p>","protected":false},"featured_media":5776,"comment_status":"open","ping_status":"closed","template":"","meta":{"_acf_changed":false},"product_brand":[],"product_cat":[15,18,21],"product_tag":[],"class_list":{"0":"post-1061","1":"product","2":"type-product","3":"status-publish","4":"has-post-thumbnail","6":"product_cat-rollerek","7":"product_cat-kugoo","8":"product_cat-performance-rollerek","10":"first","11":"instock","12":"sale","13":"shipping-taxable","14":"purchasable","15":"product-type-simple"},"acf":[],"_links":{"self":[{"href":"https:\/\/roll-market.com\/cz\/wp-json\/wp\/v2\/product\/1061","targetHints":{"allow":["GET"]}}],"collection":[{"href":"https:\/\/roll-market.com\/cz\/wp-json\/wp\/v2\/product"}],"about":[{"href":"https:\/\/roll-market.com\/cz\/wp-json\/wp\/v2\/types\/product"}],"replies":[{"embeddable":true,"href":"https:\/\/roll-market.com\/cz\/wp-json\/wp\/v2\/comments?post=1061"}],"wp:featuredmedia":[{"embeddable":true,"href":"https:\/\/roll-market.com\/cz\/wp-json\/wp\/v2\/media\/5776"}],"wp:attachment":[{"href":"https:\/\/roll-market.com\/cz\/wp-json\/wp\/v2\/media?parent=1061"}],"wp:term":[{"taxonomy":"product_brand","embeddable":true,"href":"https:\/\/roll-market.com\/cz\/wp-json\/wp\/v2\/product_brand?post=1061"},{"taxonomy":"product_cat","embeddable":true,"href":"https:\/\/roll-market.com\/cz\/wp-json\/wp\/v2\/product_cat?post=1061"},{"taxonomy":"product_tag","embeddable":true,"href":"https:\/\/roll-market.com\/cz\/wp-json\/wp\/v2\/product_tag?post=1061"}],"curies":[{"name":"wp","href":"https:\/\/api.w.org\/{rel}","templated":true}]}}