{"id":593,"date":"2023-11-04T11:07:04","date_gmt":"2023-11-04T11:07:04","guid":{"rendered":"http:\/\/134.122.69.219\/?page_id=593"},"modified":"2023-11-04T11:21:46","modified_gmt":"2023-11-04T11:21:46","slug":"cookie-policy","status":"publish","type":"page","link":"https:\/\/roll-market.com\/cz\/cookie-policy\/","title":{"rendered":"Prohl\u00e1\u0161en\u00ed o souborech cookie"},"content":{"rendered":"<div data-elementor-type=\"wp-page\" data-elementor-id=\"593\" class=\"elementor elementor-593\" data-elementor-post-type=\"page\">\n\t\t\t\t\t\t<section class=\"elementor-section elementor-top-section elementor-element elementor-element-e72e08f elementor-section-stretched elementor-section-content-middle elementor-section-boxed elementor-section-height-default elementor-section-height-default\" data-id=\"e72e08f\" data-element_type=\"section\" data-settings=\"{&quot;stretch_section&quot;:&quot;section-stretched&quot;,&quot;jet_parallax_layout_list&quot;:[{&quot;jet_parallax_layout_image&quot;:{&quot;url&quot;:&quot;&quot;,&quot;id&quot;:&quot;&quot;,&quot;size&quot;:&quot;&quot;},&quot;_id&quot;:&quot;9d879cb&quot;,&quot;jet_parallax_layout_speed&quot;:{&quot;unit&quot;:&quot;%&quot;,&quot;size&quot;:50,&quot;sizes&quot;:[]},&quot;jet_parallax_layout_image_tablet&quot;:{&quot;url&quot;:&quot;&quot;,&quot;id&quot;:&quot;&quot;,&quot;size&quot;:&quot;&quot;},&quot;jet_parallax_layout_image_mobile&quot;:{&quot;url&quot;:&quot;&quot;,&quot;id&quot;:&quot;&quot;,&quot;size&quot;:&quot;&quot;},&quot;jet_parallax_layout_type&quot;:&quot;scroll&quot;,&quot;jet_parallax_layout_direction&quot;:&quot;1&quot;,&quot;jet_parallax_layout_fx_direction&quot;:null,&quot;jet_parallax_layout_z_index&quot;:&quot;&quot;,&quot;jet_parallax_layout_bg_x&quot;:50,&quot;jet_parallax_layout_bg_x_tablet&quot;:&quot;&quot;,&quot;jet_parallax_layout_bg_x_mobile&quot;:&quot;&quot;,&quot;jet_parallax_layout_bg_y&quot;:50,&quot;jet_parallax_layout_bg_y_tablet&quot;:&quot;&quot;,&quot;jet_parallax_layout_bg_y_mobile&quot;:&quot;&quot;,&quot;jet_parallax_layout_bg_size&quot;:&quot;auto&quot;,&quot;jet_parallax_layout_bg_size_tablet&quot;:&quot;&quot;,&quot;jet_parallax_layout_bg_size_mobile&quot;:&quot;&quot;,&quot;jet_parallax_layout_animation_prop&quot;:&quot;transform&quot;,&quot;jet_parallax_layout_on&quot;:[&quot;desktop&quot;,&quot;tablet&quot;]}],&quot;background_background&quot;:&quot;classic&quot;}\">\n\t\t\t\t\t\t<div class=\"elementor-container elementor-column-gap-default\">\n\t\t\t\t\t<div class=\"elementor-column elementor-col-100 elementor-top-column elementor-element elementor-element-cd72b9d\" data-id=\"cd72b9d\" data-element_type=\"column\">\n\t\t\t<div class=\"elementor-widget-wrap elementor-element-populated\">\n\t\t\t\t\t\t<div class=\"elementor-element elementor-element-4b9d87e elementor-widget elementor-widget-heading\" data-id=\"4b9d87e\" data-element_type=\"widget\" data-widget_type=\"heading.default\">\n\t\t\t\t<div class=\"elementor-widget-container\">\n\t\t\t\t\t<h1 class=\"elementor-heading-title elementor-size-default\">Prohl\u00e1\u0161en\u00ed o souborech cookie<\/h1>\t\t\t\t<\/div>\n\t\t\t\t<\/div>\n\t\t\t\t\t<\/div>\n\t\t<\/div>\n\t\t\t\t\t<\/div>\n\t\t<\/section>\n\t\t\t\t<section class=\"elementor-section elementor-top-section elementor-element elementor-element-6c59839 elementor-section-boxed elementor-section-height-default elementor-section-height-default\" data-id=\"6c59839\" data-element_type=\"section\" data-settings=\"{&quot;jet_parallax_layout_list&quot;:[]}\">\n\t\t\t\t\t\t<div class=\"elementor-container elementor-column-gap-default\">\n\t\t\t\t\t<div class=\"elementor-column elementor-col-100 elementor-top-column elementor-element elementor-element-0f22534\" data-id=\"0f22534\" data-element_type=\"column\">\n\t\t\t<div class=\"elementor-widget-wrap elementor-element-populated\">\n\t\t\t\t\t\t<div class=\"elementor-element elementor-element-f5e3c47 elementor-widget elementor-widget-text-editor\" data-id=\"f5e3c47\" data-element_type=\"widget\" data-widget_type=\"text-editor.default\">\n\t\t\t\t<div class=\"elementor-widget-container\">\n\t\t\t\t\t\t\t\t\t<h4><strong>COOKIES, KTER\u00c9 JSOU NEZBYTN\u011a NUTN\u00c9:<\/strong><\/h4><p>Nezbytn\u00e9 soubory cookie jsou naprosto nezbytn\u00e9 pro fungov\u00e1n\u00ed syst\u00e9mu, bez nich nelze webov\u00e9 str\u00e1nky spr\u00e1vn\u011b pou\u017e\u00edvat a pou\u017e\u00edv\u00e1n\u00ed soubor\u016f cookie je nezbytn\u00e9 k prosazov\u00e1n\u00ed opr\u00e1vn\u011bn\u00fdch z\u00e1jm\u016f spole\u010dnosti Mr-rent. Tyto soubory cookie lze pou\u017e\u00edvat bez souhlasu u\u017eivatele a nelze je vypnout.<\/p><p>Pr\u00e1vn\u00ed z\u00e1klad: \u010dl. 6 odst. 1 p\u00edsm. b) GDPR.<\/p><h4><strong>FUNK\u010cN\u00cd A V\u00ddKONNOSTN\u00cd SOUBORY COOKIE<\/strong><\/h4><p>Funk\u010dn\u00ed a v\u00fdkonnostn\u00ed soubory cookie nejsou nezbytn\u011b nutn\u00e9 pro pou\u017e\u00edv\u00e1n\u00ed webov\u00fdch str\u00e1nek, ale umo\u017e\u0148uj\u00ed n\u00e1m poskytnout v\u00e1m lep\u0161\u00ed u\u017eivatelsk\u00fd z\u00e1\u017eitek. Tyto soubory cookie obvykle poskytuj\u00ed nastaven\u00ed a komfortn\u00ed funkce, kter\u00e9 v\u00e1m pomohou p\u0159izp\u016fsobit webov\u00e9 str\u00e1nky (nap\u0159\u00edklad zvolen\u00fd jazyk nebo typ nav\u0161t\u00edven\u00e9 str\u00e1nky). Funk\u010dn\u00ed soubory cookie se pou\u017e\u00edvaj\u00ed pouze s va\u0161\u00edm souhlasem a sv\u016fj souhlas m\u016f\u017eete kdykoli odvolat vypnut\u00edm funk\u010dn\u00edch soubor\u016f cookie v Centru ochrany osobn\u00edch \u00fadaj\u016f. Tyto soubory cookie neukl\u00e1daj\u00ed \u017e\u00e1dn\u00e9 osobn\u00ed \u00fadaje.<\/p><p>Pr\u00e1vn\u00ed z\u00e1klad: \u010dl. 6 odst. 1 p\u00edsm. f) GDPR.<\/p><p>\u00a0<\/p><div class=\"table-responsive\"><table class=\"table table-bordered table-striped\"><tbody><tr><td><p><b>N\u00e1zev souboru cookie<\/b><\/p><\/td><td><p><b>Typ souboru cookie<\/b><\/p><\/td><td><p><b>Identifik\u00e1tor soubor\u016f cookie<\/b><\/p><\/td><td><p><b>Poskytovatel soubor\u016f cookie<\/b><\/p><\/td><td><p><b>\u00dadaje zpracov\u00e1van\u00e9 souborem cookie<\/b><\/p><\/td><td><p><b>\u00da\u010del souboru cookie<\/b><\/p><\/td><td><p><b>\u017divotnost soubor\u016f cookie<\/b><\/p><\/td><\/tr><tr><td><p>Funkce WP<\/p><\/td><td><p>Z\u00e1kladn\u00ed soubory cookie<\/p><\/td><td><p>wp-settings-{X}<\/p><\/td><td><p>WordPress<\/p><\/td><td><p>Nutn\u00e9 pro pou\u017eit\u00ed funkc\u00ed.<\/p><\/td><td><p>Spr\u00e1vn\u00e1 operace.<\/p><\/td><td><p>1 rok<\/p><\/td><\/tr><tr><td><p>Funkce WP<\/p><\/td><td><p>Z\u00e1kladn\u00ed soubory cookie<\/p><\/td><td><p>wp-settings-time-{X}<\/p><\/td><td><p>WordPress<\/p><\/td><td><p>Nutn\u00e9 pro pou\u017eit\u00ed funkc\u00ed.<\/p><\/td><td><p>Spr\u00e1vn\u00e1 operace.<\/p><\/td><td><p>1 rok<\/p><\/td><\/tr><tr><td><p>Funkce WP<\/p><\/td><td><p>Z\u00e1kladn\u00ed soubory cookie<\/p><\/td><td><p>wordpress_test_cookie<\/p><\/td><td><p>WordPress<\/p><\/td><td><p>Nutn\u00e9 pro pou\u017eit\u00ed funkc\u00ed.<\/p><\/td><td><p>Spr\u00e1vn\u00e1 operace.<\/p><\/td><td><p>1 rok<\/p><\/td><\/tr><tr><td><p>WP GDPR<\/p><\/td><td><p>Z\u00e1kladn\u00ed soubory cookie<\/p><\/td><td><p>gdpr[allowed_cookies]<\/p><\/td><td><p>WordPress<\/p><\/td><td><p>Skute\u010dnost p\u0159ijet\u00ed.<\/p><\/td><td><p>Ukl\u00e1d\u00e1 soubory cookie, kter\u00e9 u\u017eivatel povolil.<\/p><\/td><td><p>1 rok<\/p><\/td><\/tr><tr><td><p>WP GDPR<\/p><\/td><td><p>Z\u00e1kladn\u00ed soubory cookie<\/p><\/td><td><p>gdpr[consent_types]<\/p><\/td><td><p>WordPress<\/p><\/td><td><p>Skute\u010dnost p\u0159ijet\u00ed.<\/p><\/td><td><p>Tento soubor cookie ukl\u00e1d\u00e1 informace, kter\u00e9 u\u017eivatel p\u0159ijal.<\/p><\/td><td><p>1 rok<\/p><\/td><\/tr><tr><td><p>WP GDPR<\/p><\/td><td><p>Z\u00e1kladn\u00ed soubory cookie<\/p><\/td><td><p>gdpr[privacy_bar]<\/p><\/td><td><p>WordPress<\/p><\/td><td><p>Skute\u010dnost p\u0159ijet\u00ed.<\/p><\/td><td><p>Soulad s p\u0159ij\u00edm\u00e1n\u00edm soubor\u016f cookie.<\/p><\/td><td><p>1 rok<\/p><\/td><\/tr><tr><td><p>WPML<\/p><\/td><td><p>Z\u00e1kladn\u00ed soubory cookie<\/p><\/td><td><p>_icl_current_language<\/p><\/td><td><p>WordPress<\/p><\/td><td><p>Nastaven\u00ed jazyka<\/p><\/td><td><p>Spr\u00e1vn\u00e1 operace.<\/p><\/td><td><p>1 den<\/p><\/td><\/tr><tr><td><p>WPML<\/p><\/td><td><p>Z\u00e1kladn\u00ed soubory cookie<\/p><\/td><td><p>wpml_referer_url<\/p><\/td><td><p>WordPress<\/p><\/td><td><p>P\u0159edchoz\u00ed zobrazen\u00e1 url str\u00e1nka<\/p><\/td><td><p>Spr\u00e1vn\u00e1 operace.<\/p><\/td><td><p>1 den<\/p><\/td><\/tr><tr><td><p>Google Analytics<\/p><\/td><td><p>Funk\u010dn\u00ed a v\u00fdkonnostn\u00ed soubory cookie<\/p><\/td><td><p>_ga<\/p><\/td><td><p>Google<\/p><\/td><td><p>URL, n\u00e1zev str\u00e1nky, n\u00e1zev prohl\u00ed\u017ee\u010de, velikost okna prohl\u00ed\u017ee\u010de, velikost obrazovky, java, verze flash, um\u00edst\u011bn\u00ed, jazyk.<\/p><\/td><td><p>Anonymn\u00ed statistiky<\/p><\/td><td><p>2 roky<\/p><\/td><\/tr><tr><td><p>Google Analytics<\/p><\/td><td><p>Funk\u010dn\u00ed a v\u00fdkonnostn\u00ed soubory cookie<\/p><\/td><td><p>_gat<\/p><\/td><td><p>Google<\/p><\/td><td><p>URL, n\u00e1zev str\u00e1nky, n\u00e1zev prohl\u00ed\u017ee\u010de, velikost okna prohl\u00ed\u017ee\u010de, velikost obrazovky, java, verze flash, um\u00edst\u011bn\u00ed, jazyk.<\/p><\/td><td><p>Anonymn\u00ed statistiky<\/p><\/td><td><p>Prohl\u00ed\u017ee\u010d se po zav\u0159en\u00ed odstran\u00ed<\/p><\/td><\/tr><tr><td><p>Google Analytics<\/p><\/td><td><p>Funk\u010dn\u00ed a v\u00fdkonnostn\u00ed soubory cookie<\/p><\/td><td><p>_gid<\/p><\/td><td><p>Google<\/p><\/td><td><p>URL, n\u00e1zev str\u00e1nky, n\u00e1zev prohl\u00ed\u017ee\u010de, velikost okna prohl\u00ed\u017ee\u010de, velikost obrazovky, java, verze flash, um\u00edst\u011bn\u00ed, jazyk.<\/p><\/td><td><p>Anonymn\u00ed statistiky<\/p><\/td><td><p>1 den<\/p><\/td><\/tr><\/tbody><\/table><\/div><div class=\"table-responsive\"><table class=\"table table-bordered table-striped\"><tbody><tr><td>Facebook<\/td><td>Funk\u010dn\u00ed a v\u00fdkonnostn\u00ed soubory cookie<\/td><td>fr<\/td><td>Facebook<\/td><td>ID u\u017eivatele, ID prohl\u00ed\u017ee\u010de, \u010dasov\u00e9 raz\u00edtko a dal\u0161\u00ed \u00fadaje uveden\u00e9 v prohl\u00e1\u0161en\u00ed o ochran\u011b osobn\u00edch \u00fadaj\u016f na facebook.com.<\/td><td>Jedn\u00e1 se o hlavn\u00ed reklamn\u00ed soubor cookie spole\u010dnosti Facebook, kter\u00fd lze pou\u017e\u00edt k zobrazov\u00e1n\u00ed, m\u011b\u0159en\u00ed a zlep\u0161ov\u00e1n\u00ed relevance reklam.<\/td><td>3 m\u011bs\u00edce<\/td><\/tr><tr><td>Facebook<\/td><td>Funk\u010dn\u00ed a v\u00fdkonnostn\u00ed soubory cookie<\/td><td>_fbp<\/td><td>Facebook<\/td><td>Facebook je pou\u017e\u00edv\u00e1 k poskytov\u00e1n\u00ed reklamn\u00edch produkt\u016f t\u0159et\u00ed stran\u011b (nap\u0159. reklama v re\u00e1ln\u00e9m \u010dase).<\/td><td>Reklamn\u00ed soubor cookie spole\u010dnosti Facebook, kter\u00fd se pou\u017e\u00edv\u00e1 k zobrazov\u00e1n\u00ed, m\u011b\u0159en\u00ed a zlep\u0161ov\u00e1n\u00ed relevance reklam.<\/td><td>3 m\u011bs\u00edce<\/td><\/tr><tr><td>Facebook<\/td><td>Funk\u010dn\u00ed a v\u00fdkonnostn\u00ed soubory cookie<\/td><td>akt<\/td><td>Facebook<\/td><td>\u010casov\u00e9 raz\u00edtko<\/td><td>Rozli\u0161uje dv\u011b relace vytvo\u0159en\u00e9 pro stejn\u00e9ho u\u017eivatele v r\u016fzn\u00fdch \u010dasech. \u017divotnost souboru cookie z\u00e1vis\u00ed na mo\u017enosti \"Z\u016fstat p\u0159ihl\u00e1\u0161en\". Pokud je tato mo\u017enost aktivn\u00ed, soubor cookie se po zav\u0159en\u00ed prohl\u00ed\u017ee\u010de vyma\u017ee.<\/td><td>90 dn\u00ed \/ Prohl\u00ed\u017ee\u010d je po zav\u0159en\u00ed smaz\u00e1n<\/td><\/tr><tr><td>Facebook<\/td><td>Funk\u010dn\u00ed a v\u00fdkonnostn\u00ed soubory cookie<\/td><td>c_user<\/td><td>Facebook<\/td><td>Obsahuje ID aktu\u00e1ln\u011b p\u0159ihl\u00e1\u0161en\u00e9ho u\u017eivatele.<\/td><td>Spr\u00e1vn\u00e1 operace. \u017divotnost soubor\u016f cookie z\u00e1vis\u00ed na mo\u017enosti \"Z\u016fstat p\u0159ihl\u00e1\u0161en\". Pokud je tato mo\u017enost aktivn\u00ed, soubor cookie se po zav\u0159en\u00ed prohl\u00ed\u017ee\u010de vyma\u017ee.<\/td><td>90 dn\u00ed \/ Prohl\u00ed\u017ee\u010d je po zav\u0159en\u00ed smaz\u00e1n<\/td><\/tr><tr><td>Facebook<\/td><td>Funk\u010dn\u00ed a v\u00fdkonnostn\u00ed soubory cookie<\/td><td>datr<\/td><td>Facebook<\/td><td>N\u00e1hodn\u00fd identifik\u00e1tor<\/td><td>Jej\u00edm \u00fa\u010delem je identifikovat prohl\u00ed\u017ee\u010d pou\u017eit\u00fd k p\u0159ipojen\u00ed ke slu\u017eb\u011b Facebook bez ohledu na p\u0159ihl\u00e1\u0161en\u00e9ho u\u017eivatele. Tento soubor cookie hraje kl\u00ed\u010dovou roli v zabezpe\u010den\u00ed a integrit\u011b str\u00e1nek Facebooku.<\/td><td>2 roky<\/td><\/tr><tr><td>Facebook<\/td><td>Funk\u010dn\u00ed a v\u00fdkonnostn\u00ed soubory cookie<\/td><td>locale<\/td><td>Facebook<\/td><td>Um\u00edst\u011bn\u00ed naposledy p\u0159ihl\u00e1\u0161en\u00e9ho u\u017eivatele v prohl\u00ed\u017ee\u010di.<\/td><td>Um\u00edst\u011bn\u00ed naposledy p\u0159ihl\u00e1\u0161en\u00e9ho u\u017eivatele v prohl\u00ed\u017ee\u010di.<\/td><td>1 t\u00fdden<\/td><\/tr><tr><td>Facebook<\/td><td>Funk\u010dn\u00ed a v\u00fdkonnostn\u00ed soubory cookie<\/td><td>p\u0159\u00edtomnost<\/td><td>Facebook<\/td><td>N\u00e1hodn\u00fd identifik\u00e1tor<\/td><td>Slou\u017e\u00ed k ulo\u017een\u00ed stavu chatu u\u017eivatele. Nap\u0159\u00edklad pokud je chat otev\u0159en\u00fd. Tento soubor cookie je souborem cookie relace.<\/td><td>Prohl\u00ed\u017ee\u010d se po zav\u0159en\u00ed odstran\u00ed<\/td><\/tr><tr><td>Facebook<\/td><td>Funk\u010dn\u00ed a v\u00fdkonnostn\u00ed soubory cookie<\/td><td>sb<\/td><td>Facebook<\/td><td>Nutn\u00e9 pro pou\u017e\u00edv\u00e1n\u00ed funkc\u00ed chatu.<\/td><td>Nutn\u00e9 pro pou\u017e\u00edv\u00e1n\u00ed funkc\u00ed chatu.<\/td><td>2 roky<\/td><\/tr><tr><td>Facebook<\/td><td>Funk\u010dn\u00ed a v\u00fdkonnostn\u00ed soubory cookie<\/td><td>spin<\/td><td>Facebook<\/td><td>Nutn\u00e9 pro pou\u017e\u00edv\u00e1n\u00ed funkc\u00ed chatu.<\/td><td>Nutn\u00e9 pro pou\u017e\u00edv\u00e1n\u00ed funkc\u00ed chatu.<\/td><td>1 den<\/td><\/tr><tr><td>Facebook<\/td><td>Funk\u010dn\u00ed a v\u00fdkonnostn\u00ed soubory cookie<\/td><td>wd<\/td><td>Facebook<\/td><td>Ukl\u00e1d\u00e1n\u00ed velikost\u00ed oken prohl\u00ed\u017ee\u010de<\/td><td>Facebook ji pou\u017e\u00edv\u00e1 k optimalizaci rozvr\u017een\u00ed str\u00e1nky.<\/td><td>1 t\u00fdden<\/td><\/tr><tr><td>Facebook<\/td><td>Funk\u010dn\u00ed a v\u00fdkonnostn\u00ed soubory cookie<\/td><td>xs<\/td><td>Facebook<\/td><td>\u010c\u00edslo relace, \u0161ifrov\u00e1n\u00ed relace, p\u0159\u00edznak \"secure\", pokud u\u017eivatel povolil mo\u017enost zabezpe\u010den\u00e9ho proch\u00e1zen\u00ed.<\/td><td>Ez a s\u00fcti t\u00f6bb inform\u00e1ci\u00f3t tartalmaz, kett\u0151spont elv\u00e1lasztva (a kett\u0151spont az \u00e1tvitelhez a \u201c%3A\u201d \u00e9rt\u00e9kre van k\u00f3dolva).<\/td><td>1 rok<\/td><\/tr><\/tbody><\/table><\/div><p><strong><br \/>GOOGLE ANALYTICS<\/strong><\/p><p>Webov\u00e9 str\u00e1nky pou\u017e\u00edvaj\u00ed slu\u017ebu Google Analytics, kterou poskytuje spole\u010dnost Google Inc. (\"Google\"). Slu\u017eba Google Analytics pou\u017e\u00edv\u00e1 k anal\u00fdze pou\u017e\u00edv\u00e1n\u00ed webov\u00fdch str\u00e1nek specifickou formu soubor\u016f cookie, kter\u00e9 se ukl\u00e1daj\u00ed ve va\u0161em po\u010d\u00edta\u010di. Informace generovan\u00e9 souborem cookie o va\u0161em pou\u017e\u00edv\u00e1n\u00ed webov\u00fdch str\u00e1nek jsou obvykle p\u0159en\u00e1\u0161eny a ukl\u00e1d\u00e1ny spole\u010dnost\u00ed Google na serverech ve Spojen\u00fdch st\u00e1tech.<\/p><p>Ukl\u00e1d\u00e1n\u00ed soubor\u016f cookie m\u016f\u017eete zabr\u00e1nit pomoc\u00ed p\u0159\u00edslu\u0161n\u00e9ho nastaven\u00ed v softwaru prohl\u00ed\u017ee\u010de. Shroma\u017e\u010fov\u00e1n\u00ed a zpracov\u00e1n\u00ed \u00fadaj\u016f (v\u010detn\u011b va\u0161\u00ed IP adresy) generovan\u00fdch souborem cookie o va\u0161em pou\u017e\u00edv\u00e1n\u00ed webov\u00fdch str\u00e1nek spole\u010dnost\u00ed Google m\u016f\u017eete zabr\u00e1nit tak\u00e9 sta\u017een\u00edm a instalac\u00ed dopl\u0148ku prohl\u00ed\u017ee\u010de, kter\u00fd je k dispozici na adrese https:\/\/tools.google.com\/dlpage\/gaoptout?hl=en.<\/p><p>Webov\u00e9 str\u00e1nky tak\u00e9 pou\u017e\u00edvaj\u00ed slu\u017ebu Google Analytics k anal\u00fdze toku n\u00e1v\u0161t\u011bvn\u00edk\u016f prost\u0159ednictv\u00edm ID u\u017eivatele nez\u00e1visle na za\u0159\u00edzen\u00ed. Sledov\u00e1n\u00ed pou\u017e\u00edv\u00e1n\u00ed na r\u016fzn\u00fdch za\u0159\u00edzen\u00edch m\u016f\u017eete vypnout ve sv\u00e9m \u00fa\u010dtu Google v \u010d\u00e1sti \"Moje informace\", \"Osobn\u00ed \u00fadaje\".<\/p><p>Pr\u00e1vn\u00ed z\u00e1klad: \u010dl. 6 odst. 1 p\u00edsm. f) GDPR.<\/p><p>\u00a0<\/p><p><strong>KONTAKTN\u00cd FORMUL\u00c1\u0158<\/strong><\/p><p>Spr\u00e1vce \u00fadaj\u016f provozuje na provozovan\u00fdch webov\u00fdch str\u00e1nk\u00e1ch kontaktn\u00ed formul\u00e1\u0159, kter\u00fd pom\u00e1h\u00e1 n\u00e1v\u0161t\u011bvn\u00edk\u016fm snadn\u011bji nav\u00e1zat kontakt a vy\u017e\u00e1dat si informace.<br \/>Vypln\u011bn\u00edm tohoto formul\u00e1\u0159e a za\u0161krtnut\u00edm n\u00ed\u017ee uveden\u00e9ho pol\u00ed\u010dka souhlas\u00edte s na\u0161imi Z\u00e1sadami ochrany osobn\u00edch \u00fadaj\u016f, jejich\u017e aktu\u00e1ln\u00ed verzi naleznete na adrese.<\/p><p>\u00a0<\/p><p><strong>\u00daDAJE O U\u017dIVATELI<\/strong><\/p><p>M\u016f\u017eete zkontrolovat sv\u00e1 nastaven\u00ed a \u00fadaje, kter\u00e9 o v\u00e1s byly ulo\u017eeny, a po\u017e\u00e1dat o jejich zm\u011bnu.<\/p>\t\t\t\t\t\t\t\t<\/div>\n\t\t\t\t<\/div>\n\t\t\t\t\t<\/div>\n\t\t<\/div>\n\t\t\t\t\t<\/div>\n\t\t<\/section>\n\t\t\t\t<\/div>","protected":false},"excerpt":{"rendered":"<p>Prohl\u00e1\u0161en\u00ed o souborech cookie PO\u017dADOVAN\u00c9 SOUBORY SOUKROM\u00cd: Po\u017eadovan\u00e9 soubory cookie jsou nezbytn\u011b nutn\u00e9 pro fungov\u00e1n\u00ed syst\u00e9mu, bez nich nelze webov\u00e9 str\u00e1nky \u0159\u00e1dn\u011b pou\u017e\u00edvat a pou\u017e\u00edv\u00e1n\u00ed soubor\u016f cookie je nezbytn\u00e9 pro zaji\u0161t\u011bn\u00ed opr\u00e1vn\u011bn\u00fdch z\u00e1jm\u016f spole\u010dnosti Mr-rent. Tyto soubory cookie lze pou\u017e\u00edvat bez souhlasu u\u017eivatele a nelze je vypnout. Pr\u00e1vn\u00ed z\u00e1klad: \u010dl. 6 odst. 1 p\u00edsm. b) na\u0159\u00edzen\u00ed GDPR. FUNKCE A FUNK\u010cNOST COOKIE-K Funkce a funkce COOKIE-K jsou ur\u010deny pro u\u017eivatele, kte\u0159\u00ed se cht\u011bj\u00ed sezn\u00e1mit se sv\u00fdmi slu\u017ebami a ... <a title=\"Prohl\u00e1\u0161en\u00ed o souborech cookie\" class=\"read-more\" href=\"https:\/\/roll-market.com\/cz\/cookie-policy\/\" aria-label=\"\u010c\u00edst v\u00edce o Cookie Nyilatkozat\">\u010c\u00edst d\u00e1l<\/a><\/p>","protected":false},"author":1,"featured_media":0,"parent":0,"menu_order":0,"comment_status":"closed","ping_status":"closed","template":"elementor_header_footer","meta":{"_acf_changed":false,"footnotes":""},"class_list":["post-593","page","type-page","status-publish"],"acf":[],"_links":{"self":[{"href":"https:\/\/roll-market.com\/cz\/wp-json\/wp\/v2\/pages\/593","targetHints":{"allow":["GET"]}}],"collection":[{"href":"https:\/\/roll-market.com\/cz\/wp-json\/wp\/v2\/pages"}],"about":[{"href":"https:\/\/roll-market.com\/cz\/wp-json\/wp\/v2\/types\/page"}],"author":[{"embeddable":true,"href":"https:\/\/roll-market.com\/cz\/wp-json\/wp\/v2\/users\/1"}],"replies":[{"embeddable":true,"href":"https:\/\/roll-market.com\/cz\/wp-json\/wp\/v2\/comments?post=593"}],"version-history":[{"count":4,"href":"https:\/\/roll-market.com\/cz\/wp-json\/wp\/v2\/pages\/593\/revisions"}],"predecessor-version":[{"id":597,"href":"https:\/\/roll-market.com\/cz\/wp-json\/wp\/v2\/pages\/593\/revisions\/597"}],"wp:attachment":[{"href":"https:\/\/roll-market.com\/cz\/wp-json\/wp\/v2\/media?parent=593"}],"curies":[{"name":"wp","href":"https:\/\/api.w.org\/{rel}","templated":true}]}}