{"id":32,"date":"2023-10-26T21:25:43","date_gmt":"2023-10-26T21:25:43","guid":{"rendered":"http:\/\/134.122.69.219\/?page_id=32"},"modified":"2023-12-20T13:42:55","modified_gmt":"2023-12-20T12:42:55","slug":"returns","status":"publish","type":"page","link":"https:\/\/roll-market.com\/cz\/returns\/","title":{"rendered":"Visszak\u00fcld\u00e9s &#8211; Panaszkezel\u00e9s"},"content":{"rendered":"<div data-elementor-type=\"wp-page\" data-elementor-id=\"32\" class=\"elementor elementor-32\" data-elementor-post-type=\"page\">\n\t\t\t\t\t\t<section class=\"elementor-section elementor-top-section elementor-element elementor-element-27bd96c elementor-section-stretched elementor-section-content-middle elementor-section-boxed elementor-section-height-default elementor-section-height-default\" data-id=\"27bd96c\" data-element_type=\"section\" data-settings=\"{&quot;stretch_section&quot;:&quot;section-stretched&quot;,&quot;jet_parallax_layout_list&quot;:[{&quot;jet_parallax_layout_image&quot;:{&quot;url&quot;:&quot;&quot;,&quot;id&quot;:&quot;&quot;,&quot;size&quot;:&quot;&quot;},&quot;_id&quot;:&quot;9d879cb&quot;,&quot;jet_parallax_layout_speed&quot;:{&quot;unit&quot;:&quot;%&quot;,&quot;size&quot;:50,&quot;sizes&quot;:[]},&quot;jet_parallax_layout_image_tablet&quot;:{&quot;url&quot;:&quot;&quot;,&quot;id&quot;:&quot;&quot;,&quot;size&quot;:&quot;&quot;},&quot;jet_parallax_layout_image_mobile&quot;:{&quot;url&quot;:&quot;&quot;,&quot;id&quot;:&quot;&quot;,&quot;size&quot;:&quot;&quot;},&quot;jet_parallax_layout_type&quot;:&quot;scroll&quot;,&quot;jet_parallax_layout_direction&quot;:&quot;1&quot;,&quot;jet_parallax_layout_fx_direction&quot;:null,&quot;jet_parallax_layout_z_index&quot;:&quot;&quot;,&quot;jet_parallax_layout_bg_x&quot;:50,&quot;jet_parallax_layout_bg_x_tablet&quot;:&quot;&quot;,&quot;jet_parallax_layout_bg_x_mobile&quot;:&quot;&quot;,&quot;jet_parallax_layout_bg_y&quot;:50,&quot;jet_parallax_layout_bg_y_tablet&quot;:&quot;&quot;,&quot;jet_parallax_layout_bg_y_mobile&quot;:&quot;&quot;,&quot;jet_parallax_layout_bg_size&quot;:&quot;auto&quot;,&quot;jet_parallax_layout_bg_size_tablet&quot;:&quot;&quot;,&quot;jet_parallax_layout_bg_size_mobile&quot;:&quot;&quot;,&quot;jet_parallax_layout_animation_prop&quot;:&quot;transform&quot;,&quot;jet_parallax_layout_on&quot;:[&quot;desktop&quot;,&quot;tablet&quot;]}],&quot;background_background&quot;:&quot;classic&quot;}\">\n\t\t\t\t\t\t<div class=\"elementor-container elementor-column-gap-default\">\n\t\t\t\t\t<div class=\"elementor-column elementor-col-100 elementor-top-column elementor-element elementor-element-da6d1a1\" data-id=\"da6d1a1\" data-element_type=\"column\">\n\t\t\t<div class=\"elementor-widget-wrap elementor-element-populated\">\n\t\t\t\t\t\t<div class=\"elementor-element elementor-element-3d5b764 elementor-widget elementor-widget-heading\" data-id=\"3d5b764\" data-element_type=\"widget\" data-widget_type=\"heading.default\">\n\t\t\t\t<div class=\"elementor-widget-container\">\n\t\t\t\t\t<h1 class=\"elementor-heading-title elementor-size-default\">VY\u0158IZOV\u00c1N\u00cd REKLAMAC\u00cd, Z\u00c1RUKA<\/h1>\t\t\t\t<\/div>\n\t\t\t\t<\/div>\n\t\t\t\t\t<\/div>\n\t\t<\/div>\n\t\t\t\t\t<\/div>\n\t\t<\/section>\n\t\t\t\t<section class=\"elementor-section elementor-top-section elementor-element elementor-element-ef43bab elementor-section-boxed elementor-section-height-default elementor-section-height-default\" data-id=\"ef43bab\" data-element_type=\"section\" data-settings=\"{&quot;jet_parallax_layout_list&quot;:[]}\">\n\t\t\t\t\t\t<div class=\"elementor-container elementor-column-gap-default\">\n\t\t\t\t\t<div class=\"elementor-column elementor-col-100 elementor-top-column elementor-element elementor-element-a922e2e\" data-id=\"a922e2e\" data-element_type=\"column\">\n\t\t\t<div class=\"elementor-widget-wrap elementor-element-populated\">\n\t\t\t\t\t\t<div class=\"elementor-element elementor-element-15c4fe6 elementor-widget elementor-widget-text-editor\" data-id=\"15c4fe6\" data-element_type=\"widget\" data-widget_type=\"text-editor.default\">\n\t\t\t\t<div class=\"elementor-widget-container\">\n\t\t\t\t\t\t\t\t\t<div class=\"rich-text__text rte\"><h4><strong>POSTUP PANELU <\/strong><\/h4><p>V p\u0159\u00edpad\u011b st\u00ed\u017enosti m\u016f\u017ee spot\u0159ebitel podat st\u00ed\u017enost n\u00e1sleduj\u00edc\u00edm zp\u016fsobem:<\/p><p>Kontaktujte prod\u00e1vaj\u00edc\u00edho e-mailem, p\u0159es internet nebo telefonicky. Kupuj\u00edc\u00ed m\u016f\u017ee podat st\u00ed\u017enost na slu\u017ebu \u00fastn\u011b nebo p\u00edsemn\u011b. Prod\u00e1vaj\u00edc\u00ed je povinen na st\u00ed\u017enost odpov\u011bd\u011bt do 30 dn\u016f, a to zejm\u00e9na e-mailem na e-mailovou adresu uvedenou kupuj\u00edc\u00edm. Pokud je st\u00ed\u017enost zam\u00edtnuta, mus\u00ed prod\u00e1vaj\u00edc\u00ed uv\u00e9st d\u016fvody sv\u00e9ho rozhodnut\u00ed a informovat kupuj\u00edc\u00edho o org\u00e1nu nebo sm\u00edr\u010d\u00edm org\u00e1nu, kter\u00e9mu m\u016f\u017ee st\u00ed\u017enost postoupit.<\/p><p>Pokud je v\u00fdrobek v z\u00e1ru\u010dn\u00ed dob\u011b vadn\u00fd, m\u00e1 z\u00e1kazn\u00edk pr\u00e1vo po\u017eadovat odstran\u011bn\u00ed vady. Pokud byla reklamace vy\u0159\u00edzena v\u00fdm\u011bnou zbo\u017e\u00ed za nov\u00fd v\u00fdrobek, za\u010d\u00edn\u00e1 z\u00e1ru\u010dn\u00ed doba b\u011b\u017eet znovu od data v\u00fdm\u011bny. V p\u0159\u00edpad\u011b neopr\u00e1vn\u011bn\u00e9 reklamace se z\u00e1ru\u010dn\u00ed doba neprodlu\u017euje. O v\u00fdsledku posouzen\u00ed bude kupuj\u00edc\u00ed neprodlen\u011b informov\u00e1n.<\/p><p>Kupuj\u00edc\u00ed mus\u00ed vr\u00e1tit v\u00fdrobek v bezpe\u010dn\u00e9m obalu, aby se zajistilo, \u017ee z\u016fstane b\u011bhem p\u0159epravy neporu\u0161en\u00fd. V\u00fdrobek by m\u011bl b\u00fdt odesl\u00e1n pouze po p\u0159edchoz\u00edm upozorn\u011bn\u00ed prod\u00e1vaj\u00edc\u00edho (telefonicky nebo e-mailem). Prod\u00e1vaj\u00edc\u00ed nep\u0159ij\u00edm\u00e1 zbo\u017e\u00ed zaslan\u00e9 na dob\u00edrku. K vr\u00e1cen\u00e9mu v\u00fdrobku mus\u00ed b\u00fdt p\u0159ilo\u017eena faktura nebo jej\u00ed kopie. N\u00e1klady na p\u0159epravu reklamovan\u00e9ho zbo\u017e\u00ed do servisn\u00edho st\u0159ediska nese kupuj\u00edc\u00ed ze sv\u00e9ho prod\u00e1vaj\u00edc\u00edmu. Po zji\u0161t\u011bn\u00ed opr\u00e1vn\u011bn\u00e9 reklamace nese n\u00e1klady na vr\u00e1cen\u00ed zbo\u017e\u00ed prod\u00e1vaj\u00edc\u00ed.<\/p><h4><strong>ADVICE <\/strong><\/h4><p>Z\u00e1ru\u010dn\u00ed podm\u00ednky jsou n\u00e1sleduj\u00edc\u00ed:<\/p><p><strong>Za\u010d\u00e1tek kvalifika\u010dn\u00edho obdob\u00ed<\/strong>: Z\u00e1ru\u010dn\u00ed doba za\u010d\u00edn\u00e1 b\u011b\u017eet od data prodeje v\u00fdrobku.<\/p><p><strong>Omezen\u00ed doby pozastaven\u00ed<\/strong>: Pokud je za\u0159\u00edzen\u00ed pou\u017e\u00edv\u00e1no k pron\u00e1jmu nebo komer\u010dn\u00edm \u00fa\u010del\u016fm, je z\u00e1ru\u010dn\u00ed doba omezena na 30 dn\u00ed.<\/p><p><strong>Z\u00e1ruka na baterie<\/strong>: Z\u00e1ru\u010dn\u00ed doba na baterii je 6 m\u011bs\u00edc\u016f.<\/p><p><strong>Povinnost dobr\u00e9 pov\u011bsti<\/strong>: Spole\u010dnost ROLL-MARKET.COM oprav\u00ed nebo vym\u011bn\u00ed jak\u00fdkoli <strong>v\u00fdrobn\u00ed vada<\/strong> d\u00edl v z\u00e1ru\u010dn\u00ed dob\u011b.<\/p><p>Za t\u011bchto podm\u00ednek se z\u00e1kazn\u00edci mohou spolehnout na podporu spole\u010dnosti ROLL-MARKET.COM, pokud se u v\u00fdrobk\u016f b\u011bhem z\u00e1ru\u010dn\u00ed doby projev\u00ed v\u00fdrobn\u00ed vady.<\/p><h4><strong>Z\u00c1RUKA A SERVIS <\/strong><\/h4><p>Z\u00e1ruka je platn\u00e1 pouze v p\u0159\u00edpad\u011b, \u017ee je v\u00fdrobek pou\u017e\u00edv\u00e1n k ur\u010den\u00e9mu \u00fa\u010delu.<\/p><p>V n\u00ed\u017ee uveden\u00fdch p\u0159\u00edpadech spole\u010dnost ROLL-MARKET.COM neposkytuje z\u00e1ru\u010dn\u00ed ochranu:<\/p><ul><li>\u0161kody vznikl\u00e9 v d\u016fsledku pou\u017eit\u00ed opravy nebo \u00fadr\u017eby, kter\u00e1 nebyla provedena v souladu s pokyny.<\/li><li>\u0161kody zp\u016fsoben\u00e9 pou\u017e\u00edv\u00e1n\u00edm sk\u00fatr\u016f p\u0159i sout\u011b\u017e\u00edch.<\/li><li>opot\u0159ebiteln\u00e9 d\u00edly (nap\u0159. pneumatiky, brzdy, \u017e\u00e1rovky atd.).<\/li><li>po\u0161kozen\u00ed v d\u016fsledku nespr\u00e1vn\u00e9 p\u0159epravy nebo skladov\u00e1n\u00ed<\/li><li>na pronajat\u00fd v\u00fdrobek se vztahuje omezen\u00e1 z\u00e1ru\u010dn\u00ed ochrana (viz v\u00fd\u0161e).<\/li><li>po\u0161kozen\u00ed nebo z\u00e1vada zp\u016fsoben\u00e1 vn\u011bj\u0161\u00edm n\u00e1razem, po\u0161kozen\u00edm nebo z\u00e1vadou.<\/li><li>v p\u0159\u00edpad\u011b, \u017ee popt\u00e1vka p\u0159ekro\u010d\u00ed technicky p\u0159edepsanou kapacitu.<\/li><li>pro zm\u011bny proveden\u00e9 v za\u0159\u00edzen\u00ed<\/li><li>\u0161kody zp\u016fsoben\u00e9 nespr\u00e1vn\u00fdm pou\u017e\u00edv\u00e1n\u00edm<\/li><li>kdy\u017e po\u010d\u00edtadlo kilometr\u016f za\u0159\u00edzen\u00ed p\u0159ekro\u010d\u00ed 2000 km.<\/li><\/ul><h4><strong>BEZPE\u010cN\u00c9 POU\u017dIT\u00cd<\/strong><\/h4><p>Za\u0159\u00edzen\u00ed pou\u017e\u00edv\u00e1 v\u017edy jeden cestuj\u00edc\u00ed.<\/p><p>Dbejte na dodr\u017eov\u00e1n\u00ed pravidel silni\u010dn\u00edho provozu.<\/p><p>Na za\u0159\u00edzen\u00ed v\u017edy st\u016fjte ob\u011bma nohama a \u0159\u00edd\u00edtka dr\u017ete ob\u011bma rukama.<\/p><p>P\u0159i pou\u017e\u00edv\u00e1n\u00ed kolob\u011b\u017eky pou\u017e\u00edvejte bezpe\u010dnostn\u00ed vybaven\u00ed.<\/p><p>P\u0159ed j\u00edzdou na sk\u00fatru v doprav\u011b si nacvi\u010dte j\u00edzdu na bezpe\u010dn\u00fdch m\u00edstech.<\/p><p>Pro va\u0161i bezpe\u010dnost nastavte maxim\u00e1ln\u00ed rychlost na 25 km\/h. P\u0159i p\u0159ekro\u010den\u00ed rychlosti 15 km\/h zapn\u011bte sv\u011btla.<\/p><p>Kolob\u011b\u017eku nezap\u00ednejte p\u0159i teplot\u00e1ch pod -5 \u00b0C.<\/p><p>K \u010di\u0161t\u011bn\u00ed sk\u00fatru nepou\u017e\u00edvejte ho\u0159lav\u00e9 materi\u00e1ly.<\/p><p>Ne\u010dist\u011bte tlakovou my\u010dkou.<\/p><p>Dodr\u017eujte pravidla silni\u010dn\u00edho provozu.<\/p><p>Pokud p\u0159\u00edstroj nepou\u017e\u00edv\u00e1te, uchov\u00e1vejte jej na such\u00e9m a chladn\u00e9m m\u00edst\u011b.<\/p><p>P\u0159i j\u00edzd\u011b po nerovn\u00fdch cest\u00e1ch zpomalte nebo sesedn\u011bte.<\/p><p>Kolob\u011b\u017eku nepou\u017e\u00edvejte na kluzk\u00e9m povrchu.<\/p><p>Nevj\u00ed\u017ed\u011bjte do kalu\u017e\u00ed vody hlub\u0161\u00edch ne\u017e 3 cm.<\/p><p>Nepou\u017e\u00edvejte kolob\u011b\u017eku za \u0161patn\u00fdch pov\u011btrnostn\u00edch podm\u00ednek (nap\u0159. d\u00e9\u0161\u0165, sn\u00edh).<\/p><p>Nep\u0159ekra\u010dujte maxim\u00e1ln\u00ed nosnost kolob\u011b\u017eky.<\/p><p>Kolob\u011b\u017eku nepou\u017e\u00edvejte, kdy\u017e je p\u0159\u00edli\u0161 horko nebo p\u0159\u00edli\u0161 chladno. Udr\u017eujte ji mimo dosah ho\u0159lav\u00fdch materi\u00e1l\u016f a otev\u0159en\u00e9ho ohn\u011b. Nevystavujte kolob\u011b\u017eku siln\u00e9mu slune\u010dn\u00edmu z\u00e1\u0159en\u00ed.<\/p><\/div>\t\t\t\t\t\t\t\t<\/div>\n\t\t\t\t<\/div>\n\t\t\t\t\t<\/div>\n\t\t<\/div>\n\t\t\t\t\t<\/div>\n\t\t<\/section>\n\t\t\t\t<\/div>","protected":false},"excerpt":{"rendered":"<p>PANASZKEZEL\u00c9S, GARANCIA \u00c1RUPANASZ ELJ\u00c1R\u00c1S A fogyaszt\u00f3 panasz eset\u00e9n a k\u00f6vetkez\u0151k\u00e9ppen tehet panaszt: Az elad\u00f3val val\u00f3 kapcsolatfelv\u00e9tel e-mailben, az interneten vagy telefonon. A Vev\u0151 sz\u00f3ban \u00e9s \u00edr\u00e1sban is kifejtheti panasz\u00e1t a szolg\u00e1ltat\u00e1ssal kapcsolatban. Az elad\u00f3 k\u00f6teles a panaszt 30 napon bel\u00fcl \u00e9rdemben megv\u00e1laszolni, els\u0151sorban a Vev\u0151 \u00e1ltal megadott e-mail c\u00edmre elk\u00fcldve. Amennyiben a panaszt elutas\u00edtj\u00e1k, az &#8230; <a title=\"N\u00e1vrat - Vy\u0159izov\u00e1n\u00ed st\u00ed\u017enost\u00ed\" class=\"read-more\" href=\"https:\/\/roll-market.com\/cz\/returns\/\" aria-label=\"\u010c\u00edst v\u00edce o Visszak\u00fcld\u00e9s &#8211; Panaszkezel\u00e9s\">\u010c\u00edst d\u00e1l<\/a><\/p>","protected":false},"author":1,"featured_media":0,"parent":0,"menu_order":0,"comment_status":"closed","ping_status":"closed","template":"elementor_header_footer","meta":{"_acf_changed":false,"footnotes":""},"class_list":["post-32","page","type-page","status-publish"],"acf":[],"_links":{"self":[{"href":"https:\/\/roll-market.com\/cz\/wp-json\/wp\/v2\/pages\/32","targetHints":{"allow":["GET"]}}],"collection":[{"href":"https:\/\/roll-market.com\/cz\/wp-json\/wp\/v2\/pages"}],"about":[{"href":"https:\/\/roll-market.com\/cz\/wp-json\/wp\/v2\/types\/page"}],"author":[{"embeddable":true,"href":"https:\/\/roll-market.com\/cz\/wp-json\/wp\/v2\/users\/1"}],"replies":[{"embeddable":true,"href":"https:\/\/roll-market.com\/cz\/wp-json\/wp\/v2\/comments?post=32"}],"version-history":[{"count":22,"href":"https:\/\/roll-market.com\/cz\/wp-json\/wp\/v2\/pages\/32\/revisions"}],"predecessor-version":[{"id":1019,"href":"https:\/\/roll-market.com\/cz\/wp-json\/wp\/v2\/pages\/32\/revisions\/1019"}],"wp:attachment":[{"href":"https:\/\/roll-market.com\/cz\/wp-json\/wp\/v2\/media?parent=32"}],"curies":[{"name":"wp","href":"https:\/\/api.w.org\/{rel}","templated":true}]}}