{"id":29,"date":"2023-10-26T21:25:27","date_gmt":"2023-10-26T21:25:27","guid":{"rendered":"http:\/\/134.122.69.219\/?page_id=29"},"modified":"2023-11-21T10:41:36","modified_gmt":"2023-11-21T09:41:36","slug":"delivery-policy","status":"publish","type":"page","link":"https:\/\/roll-market.com\/cz\/delivery-policy\/","title":{"rendered":"Informace o doru\u010den\u00ed"},"content":{"rendered":"<div data-elementor-type=\"wp-page\" data-elementor-id=\"29\" class=\"elementor elementor-29\" data-elementor-post-type=\"page\">\n\t\t\t\t\t\t<section class=\"elementor-section elementor-top-section elementor-element elementor-element-7453467 elementor-section-stretched elementor-section-content-middle elementor-section-boxed elementor-section-height-default elementor-section-height-default\" data-id=\"7453467\" data-element_type=\"section\" data-settings=\"{&quot;stretch_section&quot;:&quot;section-stretched&quot;,&quot;jet_parallax_layout_list&quot;:[{&quot;jet_parallax_layout_image&quot;:{&quot;url&quot;:&quot;&quot;,&quot;id&quot;:&quot;&quot;,&quot;size&quot;:&quot;&quot;},&quot;_id&quot;:&quot;9d879cb&quot;,&quot;jet_parallax_layout_speed&quot;:{&quot;unit&quot;:&quot;%&quot;,&quot;size&quot;:50,&quot;sizes&quot;:[]},&quot;jet_parallax_layout_image_tablet&quot;:{&quot;url&quot;:&quot;&quot;,&quot;id&quot;:&quot;&quot;,&quot;size&quot;:&quot;&quot;},&quot;jet_parallax_layout_image_mobile&quot;:{&quot;url&quot;:&quot;&quot;,&quot;id&quot;:&quot;&quot;,&quot;size&quot;:&quot;&quot;},&quot;jet_parallax_layout_type&quot;:&quot;scroll&quot;,&quot;jet_parallax_layout_direction&quot;:&quot;1&quot;,&quot;jet_parallax_layout_fx_direction&quot;:null,&quot;jet_parallax_layout_z_index&quot;:&quot;&quot;,&quot;jet_parallax_layout_bg_x&quot;:50,&quot;jet_parallax_layout_bg_x_tablet&quot;:&quot;&quot;,&quot;jet_parallax_layout_bg_x_mobile&quot;:&quot;&quot;,&quot;jet_parallax_layout_bg_y&quot;:50,&quot;jet_parallax_layout_bg_y_tablet&quot;:&quot;&quot;,&quot;jet_parallax_layout_bg_y_mobile&quot;:&quot;&quot;,&quot;jet_parallax_layout_bg_size&quot;:&quot;auto&quot;,&quot;jet_parallax_layout_bg_size_tablet&quot;:&quot;&quot;,&quot;jet_parallax_layout_bg_size_mobile&quot;:&quot;&quot;,&quot;jet_parallax_layout_animation_prop&quot;:&quot;transform&quot;,&quot;jet_parallax_layout_on&quot;:[&quot;desktop&quot;,&quot;tablet&quot;]}],&quot;background_background&quot;:&quot;classic&quot;}\">\n\t\t\t\t\t\t<div class=\"elementor-container elementor-column-gap-default\">\n\t\t\t\t\t<div class=\"elementor-column elementor-col-100 elementor-top-column elementor-element elementor-element-8f40fff\" data-id=\"8f40fff\" data-element_type=\"column\">\n\t\t\t<div class=\"elementor-widget-wrap elementor-element-populated\">\n\t\t\t\t\t\t<div class=\"elementor-element elementor-element-e5199f7 elementor-widget elementor-widget-heading\" data-id=\"e5199f7\" data-element_type=\"widget\" data-widget_type=\"heading.default\">\n\t\t\t\t<div class=\"elementor-widget-container\">\n\t\t\t\t\t<h1 class=\"elementor-heading-title elementor-size-default\">Informa\u010dn\u00ed let\u00e1k o doru\u010den\u00ed<\/h1>\t\t\t\t<\/div>\n\t\t\t\t<\/div>\n\t\t\t\t\t<\/div>\n\t\t<\/div>\n\t\t\t\t\t<\/div>\n\t\t<\/section>\n\t\t\t\t<section class=\"elementor-section elementor-top-section elementor-element elementor-element-532bb14 elementor-section-boxed elementor-section-height-default elementor-section-height-default\" data-id=\"532bb14\" data-element_type=\"section\" data-settings=\"{&quot;jet_parallax_layout_list&quot;:[]}\">\n\t\t\t\t\t\t<div class=\"elementor-container elementor-column-gap-default\">\n\t\t\t\t\t<div class=\"elementor-column elementor-col-100 elementor-top-column elementor-element elementor-element-3460d09\" data-id=\"3460d09\" data-element_type=\"column\">\n\t\t\t<div class=\"elementor-widget-wrap elementor-element-populated\">\n\t\t\t\t\t\t<div class=\"elementor-element elementor-element-08b2c89 elementor-widget elementor-widget-text-editor\" data-id=\"08b2c89\" data-element_type=\"widget\" data-widget_type=\"text-editor.default\">\n\t\t\t\t<div class=\"elementor-widget-container\">\n\t\t\t\t\t\t\t\t\t<div class=\"rich-text__text rte\"><p>Objednan\u00e9 produkty dod\u00e1v\u00e1me v pracovn\u00ed dny a za\u0161leme v\u00e1m e-mail s p\u0159esn\u00fdm datem odesl\u00e1n\u00ed a doru\u010den\u00ed. Bal\u00ed\u010dek je doru\u010den p\u0159\u00edmo p\u0159\u00edjemci na uvedenou adresu kur\u00fdrn\u00ed slu\u017ebou (GLS, DPD).<\/p><p><strong>Pro produkty skladem:<\/strong> Zakoupen\u00fd produkt bude dod\u00e1n do 1-5 pracovn\u00edch dn\u016f po zpracov\u00e1n\u00ed objedn\u00e1vky. O pl\u00e1novan\u00e9 dob\u011b dod\u00e1n\u00ed budete informov\u00e1ni e-mailem.<\/p><p><strong>V p\u0159\u00edpad\u011b vyprodan\u00e9ho produktu:<\/strong> Produkt nen\u00ed skladem. Pokud m\u00e1te o tento produkt z\u00e1jem, kontaktujte n\u00e1s, abychom v\u00e1m sd\u011blili term\u00edn naskladn\u011bn\u00ed.<\/p><p>Prod\u00e1vaj\u00edc\u00ed nenese \u017e\u00e1dnou odpov\u011bdnost:<\/p><ul><li>zpo\u017ed\u011bn\u00ed p\u0159i dod\u00e1n\u00ed zbo\u017e\u00ed zp\u016fsoben\u00e9 doru\u010dovac\u00ed slu\u017ebou,<\/li><li>zpo\u017ed\u011bn\u00ed dod\u00e1vky zbo\u017e\u00ed z d\u016fvodu nespr\u00e1vn\u00e9 adresy kupuj\u00edc\u00edho\/p\u0159\u00edjemce,<\/li><li>\u0161kody zp\u016fsoben\u00e9 kur\u00fdrn\u00ed slu\u017ebou.<\/li><\/ul><p><strong>Odesl\u00e1n\u00ed z\u00e1silky neznamen\u00e1 jej\u00ed doru\u010den\u00ed!<\/strong><\/p><\/div>\t\t\t\t\t\t\t\t<\/div>\n\t\t\t\t<\/div>\n\t\t\t\t\t<\/div>\n\t\t<\/div>\n\t\t\t\t\t<\/div>\n\t\t<\/section>\n\t\t\t\t<\/div>","protected":false},"excerpt":{"rendered":"<p>Sz\u00e1ll\u00edt\u00e1si t\u00e9j\u00e9koztat\u00f3 A megrendelt term\u00e9keket munkanapokon k\u00e9zbes\u00edtj\u00fck, pontos felad\u00e1si \u00e9s kisz\u00e1ll\u00edt\u00e1si napj\u00e1r\u00f3l e-mailben k\u00fcld\u00fcnk \u00e9rtes\u00edt\u00e9st. A csomag k\u00e9zbes\u00edt\u00e9se k\u00f6zvetlen\u00fcl a c\u00edmzettnek a megjel\u00f6lt c\u00edmre fut\u00e1rszolg\u00e1lattal val\u00f3sul meg. (GLS, DPD). Rakt\u00e1ron l\u00e9v\u0151 term\u00e9k eset\u00e9n: A megv\u00e1s\u00e1rolt term\u00e9k kisz\u00e1ll\u00edt\u00e1sa a megrendel\u00e9s feldolgoz\u00e1s\u00e1t k\u00f6vet\u0151 1-5 munkanapon bel\u00fcl megt\u00f6rt\u00e9nik. A sz\u00e1ll\u00edt\u00e1s tervezett id\u0151pontj\u00e1r\u00f3l e-mailben adunk t\u00e1j\u00e9koztat\u00e1st. Elfogyott term\u00e9k eset\u00e9n: &#8230; <a title=\"Informace o doru\u010den\u00ed\" class=\"read-more\" href=\"https:\/\/roll-market.com\/cz\/delivery-policy\/\" aria-label=\"\u010c\u00edst v\u00edce o Sz\u00e1ll\u00edt\u00e1si T\u00e1j\u00e9koztat\u00f3\">\u010c\u00edst d\u00e1l<\/a><\/p>","protected":false},"author":1,"featured_media":0,"parent":0,"menu_order":0,"comment_status":"closed","ping_status":"closed","template":"elementor_header_footer","meta":{"_acf_changed":false,"footnotes":""},"class_list":["post-29","page","type-page","status-publish"],"acf":[],"_links":{"self":[{"href":"https:\/\/roll-market.com\/cz\/wp-json\/wp\/v2\/pages\/29","targetHints":{"allow":["GET"]}}],"collection":[{"href":"https:\/\/roll-market.com\/cz\/wp-json\/wp\/v2\/pages"}],"about":[{"href":"https:\/\/roll-market.com\/cz\/wp-json\/wp\/v2\/types\/page"}],"author":[{"embeddable":true,"href":"https:\/\/roll-market.com\/cz\/wp-json\/wp\/v2\/users\/1"}],"replies":[{"embeddable":true,"href":"https:\/\/roll-market.com\/cz\/wp-json\/wp\/v2\/comments?post=29"}],"version-history":[{"count":10,"href":"https:\/\/roll-market.com\/cz\/wp-json\/wp\/v2\/pages\/29\/revisions"}],"predecessor-version":[{"id":826,"href":"https:\/\/roll-market.com\/cz\/wp-json\/wp\/v2\/pages\/29\/revisions\/826"}],"wp:attachment":[{"href":"https:\/\/roll-market.com\/cz\/wp-json\/wp\/v2\/media?parent=29"}],"curies":[{"name":"wp","href":"https:\/\/api.w.org\/{rel}","templated":true}]}}